{"id":33932,"date":"2025-11-27T20:06:26","date_gmt":"2025-11-27T20:06:26","guid":{"rendered":"https:\/\/noccisunglasses.com.br\/?post_type=product&#038;p=33932"},"modified":"2026-03-18T15:25:47","modified_gmt":"2026-03-18T15:25:47","slug":"vox-gold","status":"publish","type":"product","link":"https:\/\/noccisunglasses.com.br\/en\/product\/vox-gold\/","title":{"rendered":"Vox  Gold"},"content":{"rendered":"<h1 data-start=\"192\" data-end=\"207\"><strong data-start=\"194\" data-end=\"207\">Nocci Vox<\/strong><\/h1>\n<p data-start=\"209\" data-end=\"583\">O <strong data-start=\"211\" data-end=\"224\">Nocci Vox<\/strong> \u00e9 um \u00f3culos de sol criado para quem vive sem medo de explorar novos caminhos. Ele traduz ousadia em forma de estilo, unindo for\u00e7a visual, autenticidade e um esp\u00edrito aventureiro que inspira movimento, descoberta e supera\u00e7\u00e3o. Cada detalhe do design carrega energia, presen\u00e7a e personalidade, tornando o modelo ideal para quem busca impacto e atitude marcante.<\/p>\n<p data-start=\"585\" data-end=\"915\">Com tra\u00e7os firmes e propor\u00e7\u00f5es modernas, o Nocci Vox apresenta uma est\u00e9tica destemida sem abrir m\u00e3o da eleg\u00e2ncia contempor\u00e2nea. Suas lentes premium com prote\u00e7\u00e3o <strong data-start=\"746\" data-end=\"755\">UV400<\/strong> garantem seguran\u00e7a total contra os raios solares, oferecendo nitidez, clareza e conforto visual em qualquer ambiente \u2014 do cen\u00e1rio urbano \u00e0s paisagens naturais.<\/p>\n<p data-start=\"917\" data-end=\"1134\">O <strong data-start=\"919\" data-end=\"932\">Nocci Vox<\/strong> n\u00e3o segue tend\u00eancias \u2014 ele cria suas pr\u00f3prias rotas. \u00c9 o \u00f3culos de sol perfeito para quem valoriza coragem, autenticidade e estilo forte, transformando cada olhar em um convite para a pr\u00f3xima aventura.<\/p>\n<hr data-start=\"1136\" data-end=\"1139\" \/>\n<h2 data-start=\"1141\" data-end=\"1170\"><strong data-start=\"1144\" data-end=\"1170\">Destaques do Nocci Vox<\/strong><\/h2>\n<ul data-start=\"1171\" data-end=\"1397\">\n<li data-start=\"1171\" data-end=\"1209\">\n<p data-start=\"1173\" data-end=\"1209\">Design marcante com tra\u00e7os ousados<\/p>\n<\/li>\n<li data-start=\"1210\" data-end=\"1259\">\n<p data-start=\"1212\" data-end=\"1259\">Est\u00e9tica aventureira e cheia de personalidade<\/p>\n<\/li>\n<li data-start=\"1260\" data-end=\"1297\">\n<p data-start=\"1262\" data-end=\"1297\">Lentes premium com prote\u00e7\u00e3o UV400<\/p>\n<\/li>\n<li data-start=\"1298\" data-end=\"1347\">\n<p data-start=\"1300\" data-end=\"1347\">Conforto, resist\u00eancia e presen\u00e7a visual forte<\/p>\n<\/li>\n<li data-start=\"1348\" data-end=\"1397\">\n<p data-start=\"1350\" data-end=\"1397\">Ideal para quem busca autenticidade e atitude<\/p>\n<\/li>\n<\/ul>\n<hr data-start=\"1399\" data-end=\"1402\" \/>\n<h2 data-start=\"1404\" data-end=\"1418\"><strong data-start=\"1407\" data-end=\"1418\">Medidas<\/strong><\/h2>\n<ul data-start=\"1419\" data-end=\"1480\">\n<li data-start=\"1419\" data-end=\"1437\">\n<p data-start=\"1421\" data-end=\"1437\"><strong data-start=\"1421\" data-end=\"1429\">Aro:<\/strong> 53 mm<\/p>\n<\/li>\n<li data-start=\"1438\" data-end=\"1458\">\n<p data-start=\"1440\" data-end=\"1458\"><strong data-start=\"1440\" data-end=\"1450\">Ponte:<\/strong> 20 mm<\/p>\n<\/li>\n<li data-start=\"1459\" data-end=\"1480\">\n<p data-start=\"1461\" data-end=\"1480\"><strong data-start=\"1461\" data-end=\"1471\">Haste:<\/strong> 145 mm<\/p>\n<\/li>\n<\/ul>\n<p>&nbsp;<\/p>","protected":false},"excerpt":{"rendered":"<p><span data-sheets-root=\"1\">O Nocci Vox traduz ousadia e esp\u00edrito aventureiro em um design marcante que inspira movimento e conquista. Com tra\u00e7os fortes e lentes premium com prote\u00e7\u00e3o UV400, o modelo revela autenticidade e atitude em cada detalhe. Um \u00f3culos de sol feito para quem abre caminhos e vive guiado pela coragem.<\/span><\/p>","protected":false},"featured_media":33933,"comment_status":"open","ping_status":"closed","template":"","meta":[],"product_brand":[83],"product_cat":[93,85,90,96,92,91,70,81,73,72,74],"product_tag":[],"class_list":{"0":"post-33932","1":"product","2":"type-product","3":"status-publish","4":"has-post-thumbnail","6":"product_brand-nocci","7":"product_cat-categoria-de-oculos","8":"product_cat-cor","9":"product_cat-dourado","10":"product_cat-lente-policarbonato","11":"product_cat-lentes","12":"product_cat-material","13":"product_cat-metal","14":"product_cat-oculos-escuros","15":"product_cat-pra_elas","16":"product_cat-pra_eles","17":"product_cat-pra_todos","19":"first","20":"instock","21":"shipping-taxable","22":"purchasable","23":"product-type-simple"},"jetpack_sharing_enabled":true,"_links":{"self":[{"href":"https:\/\/noccisunglasses.com.br\/en\/wp-json\/wp\/v2\/product\/33932","targetHints":{"allow":["GET"]}}],"collection":[{"href":"https:\/\/noccisunglasses.com.br\/en\/wp-json\/wp\/v2\/product"}],"about":[{"href":"https:\/\/noccisunglasses.com.br\/en\/wp-json\/wp\/v2\/types\/product"}],"replies":[{"embeddable":true,"href":"https:\/\/noccisunglasses.com.br\/en\/wp-json\/wp\/v2\/comments?post=33932"}],"version-history":[{"count":1,"href":"https:\/\/noccisunglasses.com.br\/en\/wp-json\/wp\/v2\/product\/33932\/revisions"}],"predecessor-version":[{"id":33938,"href":"https:\/\/noccisunglasses.com.br\/en\/wp-json\/wp\/v2\/product\/33932\/revisions\/33938"}],"wp:featuredmedia":[{"embeddable":true,"href":"https:\/\/noccisunglasses.com.br\/en\/wp-json\/wp\/v2\/media\/33933"}],"wp:attachment":[{"href":"https:\/\/noccisunglasses.com.br\/en\/wp-json\/wp\/v2\/media?parent=33932"}],"wp:term":[{"taxonomy":"product_brand","embeddable":true,"href":"https:\/\/noccisunglasses.com.br\/en\/wp-json\/wp\/v2\/product_brand?post=33932"},{"taxonomy":"product_cat","embeddable":true,"href":"https:\/\/noccisunglasses.com.br\/en\/wp-json\/wp\/v2\/product_cat?post=33932"},{"taxonomy":"product_tag","embeddable":true,"href":"https:\/\/noccisunglasses.com.br\/en\/wp-json\/wp\/v2\/product_tag?post=33932"}],"curies":[{"name":"wp","href":"https:\/\/api.w.org\/{rel}","templated":true}]}}