{"id":33923,"date":"2025-11-27T19:59:54","date_gmt":"2025-11-27T19:59:54","guid":{"rendered":"https:\/\/noccisunglasses.com.br\/?post_type=product&#038;p=33923"},"modified":"2026-03-18T15:25:47","modified_gmt":"2026-03-18T15:25:47","slug":"vox-black","status":"publish","type":"product","link":"https:\/\/noccisunglasses.com.br\/en\/product\/vox-black\/","title":{"rendered":"Vox Black"},"content":{"rendered":"<h1 data-start=\"190\" data-end=\"205\"><strong data-start=\"192\" data-end=\"205\">Nocci Vox<\/strong><\/h1>\n<p data-start=\"207\" data-end=\"572\">O <strong data-start=\"209\" data-end=\"222\">Nocci Vox<\/strong> \u00e9 um \u00f3culos de sol criado para quem vive sem medo de explorar novos caminhos. Ele traduz ousadia em forma de estilo, unindo for\u00e7a visual, autenticidade e um esp\u00edrito aventureiro que inspira movimento, descoberta e supera\u00e7\u00e3o. Cada detalhe do design carrega energia e personalidade, tornando o modelo ideal para quem busca impacto e presen\u00e7a marcante.<\/p>\n<p data-start=\"574\" data-end=\"904\">Com tra\u00e7os firmes e propor\u00e7\u00f5es modernas, o Nocci Vox expressa uma est\u00e9tica destemida sem abrir m\u00e3o da eleg\u00e2ncia contempor\u00e2nea. Suas lentes premium com prote\u00e7\u00e3o <strong data-start=\"734\" data-end=\"743\">UV400<\/strong> garantem m\u00e1xima seguran\u00e7a contra os raios solares, oferecendo nitidez, clareza e conforto visual em qualquer ambiente \u2014 do cen\u00e1rio urbano \u00e0s paisagens naturais.<\/p>\n<p data-start=\"906\" data-end=\"1104\">O <strong data-start=\"908\" data-end=\"921\">Nocci Vox<\/strong> n\u00e3o segue tend\u00eancias: ele abre novos caminhos. \u00c9 o \u00f3culos de sol perfeito para quem valoriza coragem, autenticidade e estilo forte, transformando cada olhar em um convite \u00e0 aventura.<\/p>\n<hr data-start=\"1106\" data-end=\"1109\" \/>\n<h2 data-start=\"1111\" data-end=\"1140\"><strong data-start=\"1114\" data-end=\"1140\">Destaques do Nocci Vox<\/strong><\/h2>\n<ul data-start=\"1141\" data-end=\"1367\">\n<li data-start=\"1141\" data-end=\"1179\">\n<p data-start=\"1143\" data-end=\"1179\">Design marcante com tra\u00e7os ousados<\/p>\n<\/li>\n<li data-start=\"1180\" data-end=\"1229\">\n<p data-start=\"1182\" data-end=\"1229\">Est\u00e9tica aventureira e cheia de personalidade<\/p>\n<\/li>\n<li data-start=\"1230\" data-end=\"1267\">\n<p data-start=\"1232\" data-end=\"1267\">Lentes premium com prote\u00e7\u00e3o UV400<\/p>\n<\/li>\n<li data-start=\"1268\" data-end=\"1317\">\n<p data-start=\"1270\" data-end=\"1317\">Conforto, resist\u00eancia e presen\u00e7a visual forte<\/p>\n<\/li>\n<li data-start=\"1318\" data-end=\"1367\">\n<p data-start=\"1320\" data-end=\"1367\">Ideal para quem busca autenticidade e atitude<\/p>\n<\/li>\n<\/ul>\n<hr data-start=\"1369\" data-end=\"1372\" \/>\n<h2 data-start=\"1374\" data-end=\"1388\"><strong data-start=\"1377\" data-end=\"1388\">Medidas<\/strong><\/h2>\n<ul data-start=\"1389\" data-end=\"1450\">\n<li data-start=\"1389\" data-end=\"1407\">\n<p data-start=\"1391\" data-end=\"1407\"><strong data-start=\"1391\" data-end=\"1399\">Aro:<\/strong> 53 mm<\/p>\n<\/li>\n<li data-start=\"1408\" data-end=\"1428\">\n<p data-start=\"1410\" data-end=\"1428\"><strong data-start=\"1410\" data-end=\"1420\">Ponte:<\/strong> 20 mm<\/p>\n<\/li>\n<li data-start=\"1429\" data-end=\"1450\">\n<p data-start=\"1431\" data-end=\"1450\"><strong data-start=\"1431\" data-end=\"1441\">Haste:<\/strong> 145 mm<\/p>\n<\/li>\n<\/ul>\n<p>&nbsp;<\/p>","protected":false},"excerpt":{"rendered":"<p><span data-sheets-root=\"1\">O Nocci Vox traduz ousadia e esp\u00edrito aventureiro em um design marcante que inspira movimento e conquista. Com tra\u00e7os fortes e lentes premium com prote\u00e7\u00e3o UV400, o modelo revela autenticidade e atitude em cada detalhe. Um \u00f3culos de sol feito para quem abre caminhos e vive guiado pela coragem.<\/span><\/p>","protected":false},"featured_media":33924,"comment_status":"open","ping_status":"closed","template":"","meta":[],"product_brand":[83],"product_cat":[93,85,96,92,91,70,81,73,72,74,87],"product_tag":[],"class_list":{"0":"post-33923","1":"product","2":"type-product","3":"status-publish","4":"has-post-thumbnail","6":"product_brand-nocci","7":"product_cat-categoria-de-oculos","8":"product_cat-cor","9":"product_cat-lente-policarbonato","10":"product_cat-lentes","11":"product_cat-material","12":"product_cat-metal","13":"product_cat-oculos-escuros","14":"product_cat-pra_elas","15":"product_cat-pra_eles","16":"product_cat-pra_todos","17":"product_cat-preto","19":"first","20":"instock","21":"shipping-taxable","22":"purchasable","23":"product-type-simple"},"jetpack_sharing_enabled":true,"_links":{"self":[{"href":"https:\/\/noccisunglasses.com.br\/en\/wp-json\/wp\/v2\/product\/33923","targetHints":{"allow":["GET"]}}],"collection":[{"href":"https:\/\/noccisunglasses.com.br\/en\/wp-json\/wp\/v2\/product"}],"about":[{"href":"https:\/\/noccisunglasses.com.br\/en\/wp-json\/wp\/v2\/types\/product"}],"replies":[{"embeddable":true,"href":"https:\/\/noccisunglasses.com.br\/en\/wp-json\/wp\/v2\/comments?post=33923"}],"version-history":[{"count":1,"href":"https:\/\/noccisunglasses.com.br\/en\/wp-json\/wp\/v2\/product\/33923\/revisions"}],"predecessor-version":[{"id":33930,"href":"https:\/\/noccisunglasses.com.br\/en\/wp-json\/wp\/v2\/product\/33923\/revisions\/33930"}],"wp:featuredmedia":[{"embeddable":true,"href":"https:\/\/noccisunglasses.com.br\/en\/wp-json\/wp\/v2\/media\/33924"}],"wp:attachment":[{"href":"https:\/\/noccisunglasses.com.br\/en\/wp-json\/wp\/v2\/media?parent=33923"}],"wp:term":[{"taxonomy":"product_brand","embeddable":true,"href":"https:\/\/noccisunglasses.com.br\/en\/wp-json\/wp\/v2\/product_brand?post=33923"},{"taxonomy":"product_cat","embeddable":true,"href":"https:\/\/noccisunglasses.com.br\/en\/wp-json\/wp\/v2\/product_cat?post=33923"},{"taxonomy":"product_tag","embeddable":true,"href":"https:\/\/noccisunglasses.com.br\/en\/wp-json\/wp\/v2\/product_tag?post=33923"}],"curies":[{"name":"wp","href":"https:\/\/api.w.org\/{rel}","templated":true}]}}