{"id":33908,"date":"2025-11-27T19:37:15","date_gmt":"2025-11-27T19:37:15","guid":{"rendered":"https:\/\/noccisunglasses.com.br\/?post_type=product&#038;p=33908"},"modified":"2026-03-18T15:25:47","modified_gmt":"2026-03-18T15:25:47","slug":"nomade-crystal-sand","status":"publish","type":"product","link":"https:\/\/noccisunglasses.com.br\/en\/product\/nomade-crystal-sand\/","title":{"rendered":"Nomade Crystal Sand"},"content":{"rendered":"<h1 data-start=\"236\" data-end=\"254\"><strong data-start=\"238\" data-end=\"254\">Nocci N\u00f4made<\/strong><\/h1>\n<p data-start=\"256\" data-end=\"560\">O <strong data-start=\"258\" data-end=\"274\">Nocci N\u00f4made<\/strong> foi criado para quem v\u00ea o mundo como um mapa aberto e transforma cada caminho em descoberta. Inspirado no esp\u00edrito livre e na ess\u00eancia de quem est\u00e1 sempre em movimento, o modelo combina leveza, versatilidade e design contempor\u00e2neo, acompanhando cada jornada com estilo e autenticidade.<\/p>\n<p data-start=\"562\" data-end=\"930\">Com linhas marcantes e propor\u00e7\u00f5es equilibradas, o Nocci N\u00f4made expressa personalidade sem excessos, traduzindo liberdade visual em um \u00f3culos de sol moderno e sofisticado. Suas lentes premium com prote\u00e7\u00e3o <strong data-start=\"766\" data-end=\"775\">UV400<\/strong> garantem nitidez, conforto e seguran\u00e7a em qualquer ambiente, tornando o modelo ideal para quem vive entre cidades, paisagens e experi\u00eancias inesquec\u00edveis.<\/p>\n<p data-start=\"932\" data-end=\"1220\">A arma\u00e7\u00e3o leve e resistente foi projetada para acompanhar o ritmo de quem tem a alma inquieta e curiosa. O <strong data-start=\"1039\" data-end=\"1055\">Nocci N\u00f4made<\/strong> n\u00e3o \u00e9 apenas um acess\u00f3rio: \u00e9 um s\u00edmbolo de movimento, independ\u00eancia e novas perspectivas \u2014 perfeito para quem transforma o olhar em passagem para o pr\u00f3ximo destino.<\/p>\n<hr data-start=\"1222\" data-end=\"1225\" \/>\n<h2 data-start=\"1227\" data-end=\"1259\"><strong data-start=\"1230\" data-end=\"1259\">Destaques do Nocci N\u00f4made<\/strong><\/h2>\n<ul data-start=\"1260\" data-end=\"1518\">\n<li data-start=\"1260\" data-end=\"1321\">\n<p data-start=\"1262\" data-end=\"1321\">Design leve e vers\u00e1til, ideal para quem vive em movimento<\/p>\n<\/li>\n<li data-start=\"1322\" data-end=\"1378\">\n<p data-start=\"1324\" data-end=\"1378\">Est\u00e9tica moderna com linhas marcantes e equilibradas<\/p>\n<\/li>\n<li data-start=\"1379\" data-end=\"1416\">\n<p data-start=\"1381\" data-end=\"1416\">Lentes premium com prote\u00e7\u00e3o UV400<\/p>\n<\/li>\n<li data-start=\"1417\" data-end=\"1459\">\n<p data-start=\"1419\" data-end=\"1459\">Conforto e resist\u00eancia para uso di\u00e1rio<\/p>\n<\/li>\n<li data-start=\"1460\" data-end=\"1518\">\n<p data-start=\"1462\" data-end=\"1518\">Visual sofisticado, aut\u00eantico e cheio de personalidade<\/p>\n<\/li>\n<\/ul>\n<hr data-start=\"1520\" data-end=\"1523\" \/>\n<h2 data-start=\"1525\" data-end=\"1539\"><strong data-start=\"1528\" data-end=\"1539\">Medidas<\/strong><\/h2>\n<ul data-start=\"1540\" data-end=\"1601\">\n<li data-start=\"1540\" data-end=\"1558\">\n<p data-start=\"1542\" data-end=\"1558\"><strong data-start=\"1542\" data-end=\"1550\">Aro:<\/strong> 49 mm<\/p>\n<\/li>\n<li data-start=\"1559\" data-end=\"1579\">\n<p data-start=\"1561\" data-end=\"1579\"><strong data-start=\"1561\" data-end=\"1571\">Ponte:<\/strong> 20 mm<\/p>\n<\/li>\n<li data-start=\"1580\" data-end=\"1601\">\n<p data-start=\"1582\" data-end=\"1601\"><strong data-start=\"1582\" data-end=\"1592\">Haste:<\/strong> 151 mm<\/p>\n<\/li>\n<\/ul>\n<p>&nbsp;<\/p>","protected":false},"excerpt":{"rendered":"<p><span data-sheets-root=\"1\">O Nocci N\u00f4made traduz liberdade e movimento em um design leve e moderno, criado para quem vive em constante descoberta. Com linhas marcantes e lentes premium com prote\u00e7\u00e3o UV400, o modelo une versatilidade, estilo e conforto, acompanhando cada jornada com autenticidade e sofistica\u00e7\u00e3o.<\/span><\/p>","protected":false},"featured_media":33911,"comment_status":"open","ping_status":"closed","template":"","meta":[],"product_brand":[83],"product_cat":[76,93,85,101,96,92,91,81,73,72,74],"product_tag":[],"class_list":{"0":"post-33908","1":"product","2":"type-product","3":"status-publish","4":"has-post-thumbnail","6":"product_brand-nocci","7":"product_cat-acetato","8":"product_cat-categoria-de-oculos","9":"product_cat-cor","10":"product_cat-cristal-cor","11":"product_cat-lente-policarbonato","12":"product_cat-lentes","13":"product_cat-material","14":"product_cat-oculos-escuros","15":"product_cat-pra_elas","16":"product_cat-pra_eles","17":"product_cat-pra_todos","19":"first","20":"outofstock","21":"shipping-taxable","22":"purchasable","23":"product-type-simple"},"jetpack_sharing_enabled":true,"_links":{"self":[{"href":"https:\/\/noccisunglasses.com.br\/en\/wp-json\/wp\/v2\/product\/33908","targetHints":{"allow":["GET"]}}],"collection":[{"href":"https:\/\/noccisunglasses.com.br\/en\/wp-json\/wp\/v2\/product"}],"about":[{"href":"https:\/\/noccisunglasses.com.br\/en\/wp-json\/wp\/v2\/types\/product"}],"replies":[{"embeddable":true,"href":"https:\/\/noccisunglasses.com.br\/en\/wp-json\/wp\/v2\/comments?post=33908"}],"version-history":[{"count":1,"href":"https:\/\/noccisunglasses.com.br\/en\/wp-json\/wp\/v2\/product\/33908\/revisions"}],"predecessor-version":[{"id":33915,"href":"https:\/\/noccisunglasses.com.br\/en\/wp-json\/wp\/v2\/product\/33908\/revisions\/33915"}],"wp:featuredmedia":[{"embeddable":true,"href":"https:\/\/noccisunglasses.com.br\/en\/wp-json\/wp\/v2\/media\/33911"}],"wp:attachment":[{"href":"https:\/\/noccisunglasses.com.br\/en\/wp-json\/wp\/v2\/media?parent=33908"}],"wp:term":[{"taxonomy":"product_brand","embeddable":true,"href":"https:\/\/noccisunglasses.com.br\/en\/wp-json\/wp\/v2\/product_brand?post=33908"},{"taxonomy":"product_cat","embeddable":true,"href":"https:\/\/noccisunglasses.com.br\/en\/wp-json\/wp\/v2\/product_cat?post=33908"},{"taxonomy":"product_tag","embeddable":true,"href":"https:\/\/noccisunglasses.com.br\/en\/wp-json\/wp\/v2\/product_tag?post=33908"}],"curies":[{"name":"wp","href":"https:\/\/api.w.org\/{rel}","templated":true}]}}