{"id":33845,"date":"2025-11-26T20:12:04","date_gmt":"2025-11-26T20:12:04","guid":{"rendered":"https:\/\/noccisunglasses.com.br\/?post_type=product&#038;p=33845"},"modified":"2025-12-05T18:35:10","modified_gmt":"2025-12-05T18:35:10","slug":"nomade-turtle","status":"publish","type":"product","link":"https:\/\/noccisunglasses.com.br\/en\/product\/nomade-turtle\/","title":{"rendered":"Nomade Turtle"},"content":{"rendered":"<h1 data-start=\"234\" data-end=\"252\"><strong data-start=\"236\" data-end=\"252\">Nocci N\u00f4made<\/strong><\/h1>\n<p data-start=\"254\" data-end=\"565\">O <strong data-start=\"256\" data-end=\"272\">Nocci N\u00f4made<\/strong> foi criado para quem v\u00ea o mundo como um mapa aberto e transforma cada caminho em descoberta. Inspirado no esp\u00edrito livre e na ess\u00eancia de quem est\u00e1 sempre em movimento, o modelo combina leveza, versatilidade e design contempor\u00e2neo, acompanhando diferentes jornadas com estilo e autenticidade.<\/p>\n<p data-start=\"567\" data-end=\"933\">Com linhas marcantes e propor\u00e7\u00f5es equilibradas, o Nocci N\u00f4made expressa personalidade sem exageros, traduzindo liberdade e modernidade em um \u00f3culos de sol sofisticado e atual. Suas lentes premium com prote\u00e7\u00e3o <strong data-start=\"776\" data-end=\"785\">UV400<\/strong> garantem nitidez, conforto e seguran\u00e7a em qualquer ambiente, tornando-o ideal para quem vive entre cidades, paisagens e experi\u00eancias inesquec\u00edveis.<\/p>\n<p data-start=\"935\" data-end=\"1223\">A arma\u00e7\u00e3o leve e resistente foi projetada para acompanhar o ritmo de quem tem a alma inquieta e curiosa. O <strong data-start=\"1042\" data-end=\"1058\">Nocci N\u00f4made<\/strong> n\u00e3o \u00e9 apenas um acess\u00f3rio: \u00e9 um s\u00edmbolo de movimento, independ\u00eancia e novas perspectivas \u2014 perfeito para quem transforma o olhar em passagem para o pr\u00f3ximo destino.<\/p>\n<hr data-start=\"1225\" data-end=\"1228\" \/>\n<h2 data-start=\"1230\" data-end=\"1262\"><strong data-start=\"1233\" data-end=\"1262\">Destaques do Nocci N\u00f4made<\/strong><\/h2>\n<ul data-start=\"1263\" data-end=\"1521\">\n<li data-start=\"1263\" data-end=\"1324\">\n<p data-start=\"1265\" data-end=\"1324\">Design leve e vers\u00e1til, ideal para quem vive em movimento<\/p>\n<\/li>\n<li data-start=\"1325\" data-end=\"1381\">\n<p data-start=\"1327\" data-end=\"1381\">Est\u00e9tica moderna com linhas marcantes e equilibradas<\/p>\n<\/li>\n<li data-start=\"1382\" data-end=\"1419\">\n<p data-start=\"1384\" data-end=\"1419\">Lentes premium com prote\u00e7\u00e3o UV400<\/p>\n<\/li>\n<li data-start=\"1420\" data-end=\"1462\">\n<p data-start=\"1422\" data-end=\"1462\">Conforto e resist\u00eancia para uso di\u00e1rio<\/p>\n<\/li>\n<li data-start=\"1463\" data-end=\"1521\">\n<p data-start=\"1465\" data-end=\"1521\">Visual sofisticado, aut\u00eantico e cheio de personalidade<\/p>\n<\/li>\n<\/ul>\n<hr data-start=\"1523\" data-end=\"1526\" \/>\n<h2 data-start=\"1528\" data-end=\"1542\"><strong data-start=\"1531\" data-end=\"1542\">Medidas<\/strong><\/h2>\n<ul data-start=\"1543\" data-end=\"1604\">\n<li data-start=\"1543\" data-end=\"1561\">\n<p data-start=\"1545\" data-end=\"1561\"><strong data-start=\"1545\" data-end=\"1553\">Aro:<\/strong> 49 mm<\/p>\n<\/li>\n<li data-start=\"1562\" data-end=\"1582\">\n<p data-start=\"1564\" data-end=\"1582\"><strong data-start=\"1564\" data-end=\"1574\">Ponte:<\/strong> 20 mm<\/p>\n<\/li>\n<li data-start=\"1583\" data-end=\"1604\">\n<p data-start=\"1585\" data-end=\"1604\"><strong data-start=\"1585\" data-end=\"1595\">Haste:<\/strong> 151 mm<\/p>\n<\/li>\n<\/ul>\n<p>&nbsp;<\/p>","protected":false},"excerpt":{"rendered":"<p><span data-sheets-root=\"1\">O Nocci N\u00f4made traduz liberdade e movimento em um design leve e moderno, criado para quem vive em constante descoberta. Com linhas marcantes e lentes premium com prote\u00e7\u00e3o UV400, o modelo une versatilidade, estilo e conforto, acompanhando cada jornada com autenticidade e sofistica\u00e7\u00e3o.<\/span><\/p>","protected":false},"featured_media":33849,"comment_status":"open","ping_status":"closed","template":"","meta":[],"product_brand":[83],"product_cat":[76,93,85,96,92,91,81,73,72,74,100],"product_tag":[],"class_list":{"0":"post-33845","1":"product","2":"type-product","3":"status-publish","4":"has-post-thumbnail","6":"product_brand-nocci","7":"product_cat-acetato","8":"product_cat-categoria-de-oculos","9":"product_cat-cor","10":"product_cat-lente-policarbonato","11":"product_cat-lentes","12":"product_cat-material","13":"product_cat-oculos-escuros","14":"product_cat-pra_elas","15":"product_cat-pra_eles","16":"product_cat-pra_todos","17":"product_cat-tartaruga","19":"first","20":"outofstock","21":"shipping-taxable","22":"purchasable","23":"product-type-simple"},"jetpack_sharing_enabled":true,"_links":{"self":[{"href":"https:\/\/noccisunglasses.com.br\/en\/wp-json\/wp\/v2\/product\/33845","targetHints":{"allow":["GET"]}}],"collection":[{"href":"https:\/\/noccisunglasses.com.br\/en\/wp-json\/wp\/v2\/product"}],"about":[{"href":"https:\/\/noccisunglasses.com.br\/en\/wp-json\/wp\/v2\/types\/product"}],"replies":[{"embeddable":true,"href":"https:\/\/noccisunglasses.com.br\/en\/wp-json\/wp\/v2\/comments?post=33845"}],"version-history":[{"count":1,"href":"https:\/\/noccisunglasses.com.br\/en\/wp-json\/wp\/v2\/product\/33845\/revisions"}],"predecessor-version":[{"id":33853,"href":"https:\/\/noccisunglasses.com.br\/en\/wp-json\/wp\/v2\/product\/33845\/revisions\/33853"}],"wp:featuredmedia":[{"embeddable":true,"href":"https:\/\/noccisunglasses.com.br\/en\/wp-json\/wp\/v2\/media\/33849"}],"wp:attachment":[{"href":"https:\/\/noccisunglasses.com.br\/en\/wp-json\/wp\/v2\/media?parent=33845"}],"wp:term":[{"taxonomy":"product_brand","embeddable":true,"href":"https:\/\/noccisunglasses.com.br\/en\/wp-json\/wp\/v2\/product_brand?post=33845"},{"taxonomy":"product_cat","embeddable":true,"href":"https:\/\/noccisunglasses.com.br\/en\/wp-json\/wp\/v2\/product_cat?post=33845"},{"taxonomy":"product_tag","embeddable":true,"href":"https:\/\/noccisunglasses.com.br\/en\/wp-json\/wp\/v2\/product_tag?post=33845"}],"curies":[{"name":"wp","href":"https:\/\/api.w.org\/{rel}","templated":true}]}}