{"id":33838,"date":"2025-11-26T20:04:36","date_gmt":"2025-11-26T20:04:36","guid":{"rendered":"https:\/\/noccisunglasses.com.br\/?post_type=product&#038;p=33838"},"modified":"2026-03-18T15:25:47","modified_gmt":"2026-03-18T15:25:47","slug":"miraggio-rose","status":"publish","type":"product","link":"https:\/\/noccisunglasses.com.br\/en\/product\/miraggio-rose\/","title":{"rendered":"Miraggio Rose"},"content":{"rendered":"<h1 data-start=\"255\" data-end=\"275\"><strong data-start=\"257\" data-end=\"275\">Nocci Miraggio<\/strong><\/h1>\n<p data-start=\"277\" data-end=\"618\">O <strong data-start=\"279\" data-end=\"297\">Nocci Miraggio<\/strong> \u00e9 um \u00f3culos de sol que mistura sonho e realidade em um design sofisticado e visualmente hipnotizante. Inspirado na era dourada de Las Vegas dos anos 70 \u2014 marcada por luzes vibrantes, glamour e ousadia \u2014 o modelo traduz a est\u00e9tica retr\u00f4-luxuosa em linhas marcantes, brilho elegante e uma presen\u00e7a digna de cena principal.<\/p>\n<p data-start=\"620\" data-end=\"946\">Seu design combina propor\u00e7\u00f5es amplas e detalhes refinados que criam um efeito quase on\u00edrico, como uma miragem que surge, encanta e desaparece. As lentes premium com prote\u00e7\u00e3o <strong data-start=\"794\" data-end=\"803\">UV400<\/strong> garantem clareza, seguran\u00e7a e m\u00e1ximo conforto visual, enquanto a arma\u00e7\u00e3o destaca personalidade, estilo e uma aura inconfund\u00edvel de espet\u00e1culo.<\/p>\n<p data-start=\"948\" data-end=\"1199\">Mais do que um acess\u00f3rio, o <strong data-start=\"976\" data-end=\"994\">Nocci Miraggio<\/strong> \u00e9 um convite a viver o extraordin\u00e1rio. Perfeito para quem busca impacto visual, inspira\u00e7\u00e3o vintage, sofistica\u00e7\u00e3o glamourosa e um toque ousado que transforma qualquer momento em um momento de protagonismo.<\/p>\n<hr data-start=\"1201\" data-end=\"1204\" \/>\n<h2 data-start=\"1206\" data-end=\"1240\"><strong data-start=\"1209\" data-end=\"1240\">Destaques do Nocci Miraggio<\/strong><\/h2>\n<ul data-start=\"1241\" data-end=\"1488\">\n<li data-start=\"1241\" data-end=\"1291\">\n<p data-start=\"1243\" data-end=\"1291\">Est\u00e9tica inspirada na era dourada de Las Vegas<\/p>\n<\/li>\n<li data-start=\"1292\" data-end=\"1342\">\n<p data-start=\"1294\" data-end=\"1342\">Design elegante, marcante e com presen\u00e7a retr\u00f4<\/p>\n<\/li>\n<li data-start=\"1343\" data-end=\"1380\">\n<p data-start=\"1345\" data-end=\"1380\">Lentes premium com prote\u00e7\u00e3o UV400<\/p>\n<\/li>\n<li data-start=\"1381\" data-end=\"1430\">\n<p data-start=\"1383\" data-end=\"1430\">Visual sofisticado, glamouroso e inesquec\u00edvel<\/p>\n<\/li>\n<li data-start=\"1431\" data-end=\"1488\">\n<p data-start=\"1433\" data-end=\"1488\">Ideal para quem busca impacto, personalidade e estilo<\/p>\n<\/li>\n<\/ul>\n<hr data-start=\"1490\" data-end=\"1493\" \/>\n<h2 data-start=\"1495\" data-end=\"1509\"><strong data-start=\"1498\" data-end=\"1509\">Medidas<\/strong><\/h2>\n<ul data-start=\"1510\" data-end=\"1571\">\n<li data-start=\"1510\" data-end=\"1528\">\n<p data-start=\"1512\" data-end=\"1528\"><strong data-start=\"1512\" data-end=\"1520\">Aro:<\/strong> 57 mm<\/p>\n<\/li>\n<li data-start=\"1529\" data-end=\"1549\">\n<p data-start=\"1531\" data-end=\"1549\"><strong data-start=\"1531\" data-end=\"1541\">Ponte:<\/strong> 18 mm<\/p>\n<\/li>\n<li data-start=\"1550\" data-end=\"1571\">\n<p data-start=\"1552\" data-end=\"1571\"><strong data-start=\"1552\" data-end=\"1562\">Haste:<\/strong> 145 mm<\/p>\n<\/li>\n<\/ul>\n<p>&nbsp;<\/p>","protected":false},"excerpt":{"rendered":"<p><span data-sheets-root=\"1\">O Nocci Miraggio combina sofistica\u00e7\u00e3o atemporal e glamour retr\u00f4 em um design inspirado na era dourada de Vegas. Com linhas marcantes e lentes premium com prote\u00e7\u00e3o UV400, o modelo revela um visual hipnotizante e cheio de personalidade. Um \u00f3culos de sol que transforma o olhar em espet\u00e1culo \u2014 elegante, enigm\u00e1tico e inesquec\u00edvel.<\/span><\/p>","protected":false},"featured_media":33839,"comment_status":"open","ping_status":"closed","template":"","meta":[],"product_brand":[83],"product_cat":[93,85,90,96,92,91,70,81,73],"product_tag":[],"class_list":{"0":"post-33838","1":"product","2":"type-product","3":"status-publish","4":"has-post-thumbnail","6":"product_brand-nocci","7":"product_cat-categoria-de-oculos","8":"product_cat-cor","9":"product_cat-dourado","10":"product_cat-lente-policarbonato","11":"product_cat-lentes","12":"product_cat-material","13":"product_cat-metal","14":"product_cat-oculos-escuros","15":"product_cat-pra_elas","17":"first","18":"instock","19":"shipping-taxable","20":"purchasable","21":"product-type-simple"},"jetpack_sharing_enabled":true,"_links":{"self":[{"href":"https:\/\/noccisunglasses.com.br\/en\/wp-json\/wp\/v2\/product\/33838","targetHints":{"allow":["GET"]}}],"collection":[{"href":"https:\/\/noccisunglasses.com.br\/en\/wp-json\/wp\/v2\/product"}],"about":[{"href":"https:\/\/noccisunglasses.com.br\/en\/wp-json\/wp\/v2\/types\/product"}],"replies":[{"embeddable":true,"href":"https:\/\/noccisunglasses.com.br\/en\/wp-json\/wp\/v2\/comments?post=33838"}],"version-history":[{"count":1,"href":"https:\/\/noccisunglasses.com.br\/en\/wp-json\/wp\/v2\/product\/33838\/revisions"}],"predecessor-version":[{"id":33844,"href":"https:\/\/noccisunglasses.com.br\/en\/wp-json\/wp\/v2\/product\/33838\/revisions\/33844"}],"wp:featuredmedia":[{"embeddable":true,"href":"https:\/\/noccisunglasses.com.br\/en\/wp-json\/wp\/v2\/media\/33839"}],"wp:attachment":[{"href":"https:\/\/noccisunglasses.com.br\/en\/wp-json\/wp\/v2\/media?parent=33838"}],"wp:term":[{"taxonomy":"product_brand","embeddable":true,"href":"https:\/\/noccisunglasses.com.br\/en\/wp-json\/wp\/v2\/product_brand?post=33838"},{"taxonomy":"product_cat","embeddable":true,"href":"https:\/\/noccisunglasses.com.br\/en\/wp-json\/wp\/v2\/product_cat?post=33838"},{"taxonomy":"product_tag","embeddable":true,"href":"https:\/\/noccisunglasses.com.br\/en\/wp-json\/wp\/v2\/product_tag?post=33838"}],"curies":[{"name":"wp","href":"https:\/\/api.w.org\/{rel}","templated":true}]}}