{"id":33801,"date":"2025-11-26T19:36:15","date_gmt":"2025-11-26T19:36:15","guid":{"rendered":"https:\/\/noccisunglasses.com.br\/?post_type=product&#038;p=33801"},"modified":"2026-03-18T15:25:47","modified_gmt":"2026-03-18T15:25:47","slug":"lucce-olive","status":"publish","type":"product","link":"https:\/\/noccisunglasses.com.br\/en\/product\/lucce-olive\/","title":{"rendered":"Lucce Olive"},"content":{"rendered":"<h1 data-start=\"223\" data-end=\"240\"><strong data-start=\"225\" data-end=\"240\">Nocci Lucce<\/strong><\/h1>\n<p data-start=\"242\" data-end=\"517\">O <strong data-start=\"244\" data-end=\"259\">Nocci Lucce<\/strong> \u00e9 um \u00f3culos de sol que reflete luz, autenticidade e a intensidade de quem vive com estilo. Seu design une curvas modernas, precis\u00e3o artesanal e propor\u00e7\u00f5es harmoniosas, criando um equil\u00edbrio perfeito entre est\u00e9tica contempor\u00e2nea e conforto para o uso di\u00e1rio.<\/p>\n<p data-start=\"519\" data-end=\"855\">Inspirado no brilho sofisticado da est\u00e9tica italiana, o Nocci Lucce destaca o rosto com presen\u00e7a leve e natural, valorizando qualquer composi\u00e7\u00e3o \u2014 do casual ao mais refinado. Suas lentes premium com prote\u00e7\u00e3o <strong data-start=\"727\" data-end=\"736\">UV400<\/strong> garantem seguran\u00e7a total contra os raios solares, oferecendo nitidez, conforto visual e excelente reprodu\u00e7\u00e3o de cores.<\/p>\n<p data-start=\"857\" data-end=\"1104\">Com acabamento premium e estrutura cuidadosamente trabalhada, o <strong data-start=\"921\" data-end=\"936\">Nocci Lucce<\/strong> \u00e9 ideal para quem busca um \u00f3culos de sol vers\u00e1til, elegante e com personalidade marcante. Um modelo que transforma o olhar em express\u00e3o de estilo, luz e autenticidade.<\/p>\n<hr data-start=\"1106\" data-end=\"1109\" \/>\n<h2 data-start=\"1111\" data-end=\"1142\"><strong data-start=\"1114\" data-end=\"1142\">Destaques do Nocci Lucce<\/strong><\/h2>\n<ul data-start=\"1143\" data-end=\"1402\">\n<li data-start=\"1143\" data-end=\"1182\">\n<p data-start=\"1145\" data-end=\"1182\">Design moderno com curvas elegantes<\/p>\n<\/li>\n<li data-start=\"1183\" data-end=\"1238\">\n<p data-start=\"1185\" data-end=\"1238\">Arma\u00e7\u00e3o com precis\u00e3o artesanal e acabamento premium<\/p>\n<\/li>\n<li data-start=\"1239\" data-end=\"1276\">\n<p data-start=\"1241\" data-end=\"1276\">Lentes premium com prote\u00e7\u00e3o UV400<\/p>\n<\/li>\n<li data-start=\"1277\" data-end=\"1326\">\n<p data-start=\"1279\" data-end=\"1326\">Inspira\u00e7\u00e3o na est\u00e9tica italiana contempor\u00e2nea<\/p>\n<\/li>\n<li data-start=\"1327\" data-end=\"1361\">\n<p data-start=\"1329\" data-end=\"1361\">Conforto ideal para uso di\u00e1rio<\/p>\n<\/li>\n<li data-start=\"1362\" data-end=\"1402\">\n<p data-start=\"1364\" data-end=\"1402\">Estilo sofisticado, leve e aut\u00eantico<\/p>\n<\/li>\n<\/ul>\n<hr data-start=\"1404\" data-end=\"1407\" \/>\n<h2 data-start=\"1409\" data-end=\"1423\"><strong data-start=\"1412\" data-end=\"1423\">Medidas<\/strong><\/h2>\n<ul data-start=\"1424\" data-end=\"1485\">\n<li data-start=\"1424\" data-end=\"1442\">\n<p data-start=\"1426\" data-end=\"1442\"><strong data-start=\"1426\" data-end=\"1434\">Aro:<\/strong> 54 mm<\/p>\n<\/li>\n<li data-start=\"1443\" data-end=\"1463\">\n<p data-start=\"1445\" data-end=\"1463\"><strong data-start=\"1445\" data-end=\"1455\">Ponte:<\/strong> 16 mm<\/p>\n<\/li>\n<li data-start=\"1464\" data-end=\"1485\">\n<p data-start=\"1466\" data-end=\"1485\"><strong data-start=\"1466\" data-end=\"1476\">Haste:<\/strong> 142 mm<\/p>\n<\/li>\n<\/ul>\n<p>&nbsp;<\/p>","protected":false},"excerpt":{"rendered":"<p><span data-sheets-root=\"1\">O Nocci Lucce reflete autenticidade e eleg\u00e2ncia em um design moderno com curvas precisas e acabamento premium. Inspirado na est\u00e9tica italiana, o modelo combina leveza, conforto e lentes com prote\u00e7\u00e3o UV400, entregando clareza e estilo em cada momento. Um \u00f3culos de sol que ilumina o olhar com sofistica\u00e7\u00e3o natural.<\/span><\/p>","protected":false},"featured_media":33805,"comment_status":"open","ping_status":"closed","template":"","meta":[],"product_brand":[83],"product_cat":[76,93,85,96,92,91,81,73,98],"product_tag":[],"class_list":{"0":"post-33801","1":"product","2":"type-product","3":"status-publish","4":"has-post-thumbnail","6":"product_brand-nocci","7":"product_cat-acetato","8":"product_cat-categoria-de-oculos","9":"product_cat-cor","10":"product_cat-lente-policarbonato","11":"product_cat-lentes","12":"product_cat-material","13":"product_cat-oculos-escuros","14":"product_cat-pra_elas","15":"product_cat-verde","17":"first","18":"instock","19":"shipping-taxable","20":"purchasable","21":"product-type-simple"},"jetpack_sharing_enabled":true,"_links":{"self":[{"href":"https:\/\/noccisunglasses.com.br\/en\/wp-json\/wp\/v2\/product\/33801","targetHints":{"allow":["GET"]}}],"collection":[{"href":"https:\/\/noccisunglasses.com.br\/en\/wp-json\/wp\/v2\/product"}],"about":[{"href":"https:\/\/noccisunglasses.com.br\/en\/wp-json\/wp\/v2\/types\/product"}],"replies":[{"embeddable":true,"href":"https:\/\/noccisunglasses.com.br\/en\/wp-json\/wp\/v2\/comments?post=33801"}],"version-history":[{"count":1,"href":"https:\/\/noccisunglasses.com.br\/en\/wp-json\/wp\/v2\/product\/33801\/revisions"}],"predecessor-version":[{"id":33810,"href":"https:\/\/noccisunglasses.com.br\/en\/wp-json\/wp\/v2\/product\/33801\/revisions\/33810"}],"wp:featuredmedia":[{"embeddable":true,"href":"https:\/\/noccisunglasses.com.br\/en\/wp-json\/wp\/v2\/media\/33805"}],"wp:attachment":[{"href":"https:\/\/noccisunglasses.com.br\/en\/wp-json\/wp\/v2\/media?parent=33801"}],"wp:term":[{"taxonomy":"product_brand","embeddable":true,"href":"https:\/\/noccisunglasses.com.br\/en\/wp-json\/wp\/v2\/product_brand?post=33801"},{"taxonomy":"product_cat","embeddable":true,"href":"https:\/\/noccisunglasses.com.br\/en\/wp-json\/wp\/v2\/product_cat?post=33801"},{"taxonomy":"product_tag","embeddable":true,"href":"https:\/\/noccisunglasses.com.br\/en\/wp-json\/wp\/v2\/product_tag?post=33801"}],"curies":[{"name":"wp","href":"https:\/\/api.w.org\/{rel}","templated":true}]}}