{"id":33794,"date":"2025-11-26T19:27:48","date_gmt":"2025-11-26T19:27:48","guid":{"rendered":"https:\/\/noccisunglasses.com.br\/?post_type=product&#038;p=33794"},"modified":"2026-03-30T17:10:30","modified_gmt":"2026-03-30T17:10:30","slug":"lucce-amber-rose","status":"publish","type":"product","link":"https:\/\/noccisunglasses.com.br\/en\/product\/lucce-amber-rose\/","title":{"rendered":"Lucce Amber Rose"},"content":{"rendered":"<h1 data-start=\"209\" data-end=\"226\"><strong data-start=\"211\" data-end=\"226\">Nocci Lucce<\/strong><\/h1>\n<p data-start=\"228\" data-end=\"501\">O <strong data-start=\"230\" data-end=\"245\">Nocci Lucce<\/strong> \u00e9 um \u00f3culos de sol que reflete a luz, a autenticidade e a intensidade de quem vive com eleg\u00e2ncia. Seu design combina curvas modernas, precis\u00e3o artesanal e propor\u00e7\u00f5es harmoniosas, criando um equil\u00edbrio perfeito entre estilo contempor\u00e2neo e conforto di\u00e1rio.<\/p>\n<p data-start=\"503\" data-end=\"850\">Inspirado no brilho sofisticado da est\u00e9tica italiana, o Nocci Lucce destaca o rosto com presen\u00e7a leve e natural, valorizando qualquer composi\u00e7\u00e3o \u2014 do look casual ao mais refinado. Suas lentes premium com prote\u00e7\u00e3o <strong data-start=\"716\" data-end=\"725\">UV400<\/strong> garantem seguran\u00e7a total contra os raios solares, al\u00e9m de oferecer nitidez, conforto visual e excelente reprodu\u00e7\u00e3o de cores.<\/p>\n<p data-start=\"852\" data-end=\"1099\">Com acabamento premium e estrutura cuidadosamente trabalhada, o <strong data-start=\"916\" data-end=\"931\">Nocci Lucce<\/strong> \u00e9 ideal para quem busca um \u00f3culos de sol vers\u00e1til, elegante e com personalidade marcante. Um modelo que transforma o olhar em express\u00e3o de estilo, luz e autenticidade.<\/p>\n<hr data-start=\"1101\" data-end=\"1104\" \/>\n<h2 data-start=\"1106\" data-end=\"1137\"><strong data-start=\"1109\" data-end=\"1137\">Destaques do Nocci Lucce<\/strong><\/h2>\n<ul data-start=\"1138\" data-end=\"1397\">\n<li data-start=\"1138\" data-end=\"1177\">\n<p data-start=\"1140\" data-end=\"1177\">Design moderno com curvas elegantes<\/p>\n<\/li>\n<li data-start=\"1178\" data-end=\"1233\">\n<p data-start=\"1180\" data-end=\"1233\">Arma\u00e7\u00e3o com precis\u00e3o artesanal e acabamento premium<\/p>\n<\/li>\n<li data-start=\"1234\" data-end=\"1271\">\n<p data-start=\"1236\" data-end=\"1271\">Lentes premium com prote\u00e7\u00e3o UV400<\/p>\n<\/li>\n<li data-start=\"1272\" data-end=\"1321\">\n<p data-start=\"1274\" data-end=\"1321\">Inspira\u00e7\u00e3o na est\u00e9tica italiana contempor\u00e2nea<\/p>\n<\/li>\n<li data-start=\"1322\" data-end=\"1356\">\n<p data-start=\"1324\" data-end=\"1356\">Conforto ideal para uso di\u00e1rio<\/p>\n<\/li>\n<li data-start=\"1357\" data-end=\"1397\">\n<p data-start=\"1359\" data-end=\"1397\">Estilo sofisticado, leve e aut\u00eantico<\/p>\n<\/li>\n<\/ul>\n<hr data-start=\"1399\" data-end=\"1402\" \/>\n<h2 data-start=\"1404\" data-end=\"1418\"><strong data-start=\"1407\" data-end=\"1418\">Medidas<\/strong><\/h2>\n<ul data-start=\"1419\" data-end=\"1480\">\n<li data-start=\"1419\" data-end=\"1437\">\n<p data-start=\"1421\" data-end=\"1437\"><strong data-start=\"1421\" data-end=\"1429\">Aro:<\/strong> 54 mm<\/p>\n<\/li>\n<li data-start=\"1438\" data-end=\"1458\">\n<p data-start=\"1440\" data-end=\"1458\"><strong data-start=\"1440\" data-end=\"1450\">Ponte:<\/strong> 16 mm<\/p>\n<\/li>\n<li data-start=\"1459\" data-end=\"1480\">\n<p data-start=\"1461\" data-end=\"1480\"><strong data-start=\"1461\" data-end=\"1471\">Haste:<\/strong> 142 mm<\/p>\n<\/li>\n<\/ul>\n<p>&nbsp;<\/p>","protected":false},"excerpt":{"rendered":"<p><span data-sheets-root=\"1\">O Nocci Lucce reflete autenticidade e eleg\u00e2ncia em um design moderno com curvas precisas e acabamento premium. Inspirado na est\u00e9tica italiana, o modelo combina leveza, conforto e lentes com prote\u00e7\u00e3o UV400, entregando clareza e estilo em cada momento. Um \u00f3culos de sol que ilumina o olhar com sofistica\u00e7\u00e3o natural.<\/span><\/p>","protected":false},"featured_media":33795,"comment_status":"open","ping_status":"closed","template":"","meta":[],"product_brand":[83],"product_cat":[76,89,93,85,96,92,91,81,73,97],"product_tag":[],"class_list":{"0":"post-33794","1":"product","2":"type-product","3":"status-publish","4":"has-post-thumbnail","6":"product_brand-nocci","7":"product_cat-acetato","8":"product_cat-ambar","9":"product_cat-categoria-de-oculos","10":"product_cat-cor","11":"product_cat-lente-policarbonato","12":"product_cat-lentes","13":"product_cat-material","14":"product_cat-oculos-escuros","15":"product_cat-pra_elas","16":"product_cat-transparente","18":"first","19":"instock","20":"shipping-taxable","21":"purchasable","22":"product-type-simple"},"jetpack_sharing_enabled":true,"_links":{"self":[{"href":"https:\/\/noccisunglasses.com.br\/en\/wp-json\/wp\/v2\/product\/33794","targetHints":{"allow":["GET"]}}],"collection":[{"href":"https:\/\/noccisunglasses.com.br\/en\/wp-json\/wp\/v2\/product"}],"about":[{"href":"https:\/\/noccisunglasses.com.br\/en\/wp-json\/wp\/v2\/types\/product"}],"replies":[{"embeddable":true,"href":"https:\/\/noccisunglasses.com.br\/en\/wp-json\/wp\/v2\/comments?post=33794"}],"version-history":[{"count":1,"href":"https:\/\/noccisunglasses.com.br\/en\/wp-json\/wp\/v2\/product\/33794\/revisions"}],"predecessor-version":[{"id":33800,"href":"https:\/\/noccisunglasses.com.br\/en\/wp-json\/wp\/v2\/product\/33794\/revisions\/33800"}],"wp:featuredmedia":[{"embeddable":true,"href":"https:\/\/noccisunglasses.com.br\/en\/wp-json\/wp\/v2\/media\/33795"}],"wp:attachment":[{"href":"https:\/\/noccisunglasses.com.br\/en\/wp-json\/wp\/v2\/media?parent=33794"}],"wp:term":[{"taxonomy":"product_brand","embeddable":true,"href":"https:\/\/noccisunglasses.com.br\/en\/wp-json\/wp\/v2\/product_brand?post=33794"},{"taxonomy":"product_cat","embeddable":true,"href":"https:\/\/noccisunglasses.com.br\/en\/wp-json\/wp\/v2\/product_cat?post=33794"},{"taxonomy":"product_tag","embeddable":true,"href":"https:\/\/noccisunglasses.com.br\/en\/wp-json\/wp\/v2\/product_tag?post=33794"}],"curies":[{"name":"wp","href":"https:\/\/api.w.org\/{rel}","templated":true}]}}