{"id":33792,"date":"2025-11-26T19:21:10","date_gmt":"2025-11-26T19:21:10","guid":{"rendered":"https:\/\/noccisunglasses.com.br\/?post_type=product&#038;p=33792"},"modified":"2026-03-30T17:10:45","modified_gmt":"2026-03-30T17:10:45","slug":"linea-blue","status":"publish","type":"product","link":"https:\/\/noccisunglasses.com.br\/en\/product\/linea-blue\/","title":{"rendered":"Linea Blue"},"content":{"rendered":"<h1 data-start=\"273\" data-end=\"290\"><strong data-start=\"275\" data-end=\"290\">Nocci Linea<\/strong><\/h1>\n<p data-start=\"292\" data-end=\"608\">O <strong data-start=\"294\" data-end=\"309\">Nocci Linea<\/strong> \u00e9 um \u00f3culos de sol inspirado no universo da <em data-start=\"354\" data-end=\"369\">haute couture<\/em>, onde cada forma, detalhe e propor\u00e7\u00e3o \u00e9 tratada como uma verdadeira obra de arte. Seu design minimalista, preciso e marcante traduz sofistica\u00e7\u00e3o em seu estado mais puro, resultando em uma est\u00e9tica elegante, moderna e totalmente atemporal.<\/p>\n<p data-start=\"610\" data-end=\"926\">Com linhas limpas e uma estrutura refinada, o Nocci Linea expressa exclusividade e personalidade \u2014 perfeito para quem aprecia luxo discreto e estilo singular. Sua constru\u00e7\u00e3o equilibra moda e arquitetura visual, criando um modelo que valoriza o contorno do rosto com leveza, mas com uma presen\u00e7a visual inconfund\u00edvel.<\/p>\n<p data-start=\"928\" data-end=\"1268\">Equipado com lentes premium com prote\u00e7\u00e3o <strong data-start=\"969\" data-end=\"978\">UV400<\/strong>, o Nocci Linea garante clareza, conforto e seguran\u00e7a, refor\u00e7ando a proposta de um \u00f3culos que vai al\u00e9m de um acess\u00f3rio: ele se torna uma verdadeira assinatura de estilo. Ideal para quem busca um visual sofisticado, aut\u00eantico e alinhado \u00e0s tend\u00eancias contempor\u00e2neas do design de alto padr\u00e3o.<\/p>\n<hr data-start=\"1270\" data-end=\"1273\" \/>\n<h2 data-start=\"1275\" data-end=\"1306\"><strong data-start=\"1278\" data-end=\"1306\">Destaques do Nocci Linea<\/strong><\/h2>\n<ul data-start=\"1307\" data-end=\"1530\">\n<li data-start=\"1307\" data-end=\"1352\">\n<p data-start=\"1309\" data-end=\"1352\">Design minimalista inspirado na alta moda<\/p>\n<\/li>\n<li data-start=\"1353\" data-end=\"1394\">\n<p data-start=\"1355\" data-end=\"1394\">Est\u00e9tica elegante e estrutura precisa<\/p>\n<\/li>\n<li data-start=\"1395\" data-end=\"1432\">\n<p data-start=\"1397\" data-end=\"1432\">Lentes premium com prote\u00e7\u00e3o UV400<\/p>\n<\/li>\n<li data-start=\"1433\" data-end=\"1469\">\n<p data-start=\"1435\" data-end=\"1469\">Sofistica\u00e7\u00e3o moderna e atemporal<\/p>\n<\/li>\n<li data-start=\"1470\" data-end=\"1530\">\n<p data-start=\"1472\" data-end=\"1530\">Modelo exclusivo para quem valoriza luxo e autenticidade<\/p>\n<\/li>\n<\/ul>\n<hr data-start=\"1532\" data-end=\"1535\" \/>\n<h2 data-start=\"1537\" data-end=\"1551\"><strong data-start=\"1540\" data-end=\"1551\">Medidas<\/strong><\/h2>\n<ul data-start=\"1552\" data-end=\"1613\">\n<li data-start=\"1552\" data-end=\"1570\">\n<p data-start=\"1554\" data-end=\"1570\"><strong data-start=\"1554\" data-end=\"1562\">Aro:<\/strong> 53 mm<\/p>\n<\/li>\n<li data-start=\"1571\" data-end=\"1591\">\n<p data-start=\"1573\" data-end=\"1591\"><strong data-start=\"1573\" data-end=\"1583\">Ponte:<\/strong> 20 mm<\/p>\n<\/li>\n<li data-start=\"1592\" data-end=\"1613\">\n<p data-start=\"1594\" data-end=\"1613\"><strong data-start=\"1594\" data-end=\"1604\">Haste:<\/strong> 140 mm<\/p>\n<\/li>\n<\/ul>\n<p>&nbsp;<\/p>","protected":false},"excerpt":{"rendered":"<p><span data-sheets-root=\"1\">O Nocci Linea combina minimalismo preciso e inspira\u00e7\u00e3o na haute couture para criar um \u00f3culos de sol sofisticado e exclusivo. Suas linhas puras valorizam o rosto com eleg\u00e2ncia moderna, enquanto as lentes premium com prote\u00e7\u00e3o UV400 garantem conforto e clareza. Um design atemporal que transforma o olhar em assinatura de estilo.<\/span><\/p>","protected":false},"featured_media":33781,"comment_status":"open","ping_status":"closed","template":"","meta":[],"product_brand":[83],"product_cat":[76,93,85,96,92,91,81,73,97],"product_tag":[],"class_list":{"0":"post-33792","1":"product","2":"type-product","3":"status-publish","4":"has-post-thumbnail","6":"product_brand-nocci","7":"product_cat-acetato","8":"product_cat-categoria-de-oculos","9":"product_cat-cor","10":"product_cat-lente-policarbonato","11":"product_cat-lentes","12":"product_cat-material","13":"product_cat-oculos-escuros","14":"product_cat-pra_elas","15":"product_cat-transparente","17":"first","18":"outofstock","19":"shipping-taxable","20":"purchasable","21":"product-type-simple"},"jetpack_sharing_enabled":true,"_links":{"self":[{"href":"https:\/\/noccisunglasses.com.br\/en\/wp-json\/wp\/v2\/product\/33792","targetHints":{"allow":["GET"]}}],"collection":[{"href":"https:\/\/noccisunglasses.com.br\/en\/wp-json\/wp\/v2\/product"}],"about":[{"href":"https:\/\/noccisunglasses.com.br\/en\/wp-json\/wp\/v2\/types\/product"}],"replies":[{"embeddable":true,"href":"https:\/\/noccisunglasses.com.br\/en\/wp-json\/wp\/v2\/comments?post=33792"}],"version-history":[{"count":1,"href":"https:\/\/noccisunglasses.com.br\/en\/wp-json\/wp\/v2\/product\/33792\/revisions"}],"predecessor-version":[{"id":33793,"href":"https:\/\/noccisunglasses.com.br\/en\/wp-json\/wp\/v2\/product\/33792\/revisions\/33793"}],"wp:featuredmedia":[{"embeddable":true,"href":"https:\/\/noccisunglasses.com.br\/en\/wp-json\/wp\/v2\/media\/33781"}],"wp:attachment":[{"href":"https:\/\/noccisunglasses.com.br\/en\/wp-json\/wp\/v2\/media?parent=33792"}],"wp:term":[{"taxonomy":"product_brand","embeddable":true,"href":"https:\/\/noccisunglasses.com.br\/en\/wp-json\/wp\/v2\/product_brand?post=33792"},{"taxonomy":"product_cat","embeddable":true,"href":"https:\/\/noccisunglasses.com.br\/en\/wp-json\/wp\/v2\/product_cat?post=33792"},{"taxonomy":"product_tag","embeddable":true,"href":"https:\/\/noccisunglasses.com.br\/en\/wp-json\/wp\/v2\/product_tag?post=33792"}],"curies":[{"name":"wp","href":"https:\/\/api.w.org\/{rel}","templated":true}]}}