{"id":33780,"date":"2025-11-26T19:12:22","date_gmt":"2025-11-26T19:12:22","guid":{"rendered":"https:\/\/noccisunglasses.com.br\/?post_type=product&#038;p=33780"},"modified":"2026-04-13T17:04:07","modified_gmt":"2026-04-13T17:04:07","slug":"linea-turtle","status":"publish","type":"product","link":"https:\/\/noccisunglasses.com.br\/en\/product\/linea-turtle\/","title":{"rendered":"Linea Turtle"},"content":{"rendered":"<h1 data-start=\"242\" data-end=\"259\"><strong data-start=\"244\" data-end=\"259\">Nocci Linea<\/strong><\/h1>\n<p data-start=\"261\" data-end=\"558\">O <strong data-start=\"263\" data-end=\"278\">Nocci Linea<\/strong> \u00e9 um \u00f3culos de sol inspirado no universo da <em data-start=\"323\" data-end=\"338\">haute couture<\/em>, onde cada forma, detalhe e propor\u00e7\u00e3o \u00e9 trabalhado com precis\u00e3o art\u00edstica. Seu design minimalista e marcante traduz sofistica\u00e7\u00e3o em seu estado mais puro, criando uma est\u00e9tica elegante, moderna e completamente atemporal.<\/p>\n<p data-start=\"560\" data-end=\"897\">Com linhas limpas e estrutura refinada, o Nocci Linea expressa exclusividade e personalidade, sendo perfeito para quem aprecia luxo discreto e estilo \u00fanico. Sua constru\u00e7\u00e3o combina moda, arquitetura visual e equil\u00edbrio est\u00e9tico, resultando em um modelo que valoriza o contorno do rosto com leveza, presen\u00e7a e uma identidade inconfund\u00edvel.<\/p>\n<p data-start=\"899\" data-end=\"1240\">Equipado com lentes premium com prote\u00e7\u00e3o <strong data-start=\"940\" data-end=\"949\">UV400<\/strong>, o Nocci Linea oferece clareza, conforto e seguran\u00e7a, complementando a proposta de um \u00f3culos que vai al\u00e9m do acess\u00f3rio \u2014 tornando-se uma verdadeira assinatura de estilo. Ideal para quem busca um visual sofisticado, aut\u00eantico e alinhado \u00e0s tend\u00eancias contempor\u00e2neas do design de alto padr\u00e3o.<\/p>\n<hr data-start=\"1242\" data-end=\"1245\" \/>\n<h2 data-start=\"1247\" data-end=\"1278\"><strong data-start=\"1250\" data-end=\"1278\">Destaques do Nocci Linea<\/strong><\/h2>\n<ul data-start=\"1279\" data-end=\"1515\">\n<li data-start=\"1279\" data-end=\"1324\">\n<p data-start=\"1281\" data-end=\"1324\">Design minimalista inspirado na alta moda<\/p>\n<\/li>\n<li data-start=\"1325\" data-end=\"1379\">\n<p data-start=\"1327\" data-end=\"1379\">Est\u00e9tica elegante com estrutura precisa e refinada<\/p>\n<\/li>\n<li data-start=\"1380\" data-end=\"1417\">\n<p data-start=\"1382\" data-end=\"1417\">Lentes premium com prote\u00e7\u00e3o UV400<\/p>\n<\/li>\n<li data-start=\"1418\" data-end=\"1454\">\n<p data-start=\"1420\" data-end=\"1454\">Sofistica\u00e7\u00e3o moderna e atemporal<\/p>\n<\/li>\n<li data-start=\"1455\" data-end=\"1515\">\n<p data-start=\"1457\" data-end=\"1515\">Modelo exclusivo para quem valoriza luxo e autenticidade<\/p>\n<\/li>\n<\/ul>\n<hr data-start=\"1517\" data-end=\"1520\" \/>\n<h2 data-start=\"1522\" data-end=\"1536\"><strong data-start=\"1525\" data-end=\"1536\">Medidas<\/strong><\/h2>\n<ul data-start=\"1537\" data-end=\"1598\">\n<li data-start=\"1537\" data-end=\"1555\">\n<p data-start=\"1539\" data-end=\"1555\"><strong data-start=\"1539\" data-end=\"1547\">Aro:<\/strong> 53 mm<\/p>\n<\/li>\n<li data-start=\"1556\" data-end=\"1576\">\n<p data-start=\"1558\" data-end=\"1576\"><strong data-start=\"1558\" data-end=\"1568\">Ponte:<\/strong> 20 mm<\/p>\n<\/li>\n<li data-start=\"1577\" data-end=\"1598\">\n<p data-start=\"1579\" data-end=\"1598\"><strong data-start=\"1579\" data-end=\"1589\">Haste:<\/strong> 140 mm<\/p>\n<\/li>\n<\/ul>\n<p>&nbsp;<\/p>","protected":false},"excerpt":{"rendered":"<p><span data-sheets-root=\"1\">O Nocci Linea combina minimalismo preciso e inspira\u00e7\u00e3o na haute couture para criar um \u00f3culos de sol sofisticado e exclusivo. Suas linhas puras valorizam o rosto com eleg\u00e2ncia moderna, enquanto as lentes premium com prote\u00e7\u00e3o UV400 garantem conforto e clareza. Um design atemporal que transforma o olhar em assinatura de estilo.<\/span><\/p>","protected":false},"featured_media":33787,"comment_status":"open","ping_status":"closed","template":"","meta":[],"product_brand":[83],"product_cat":[76,93,85,96,92,88,91,81,73],"product_tag":[],"class_list":{"0":"post-33780","1":"product","2":"type-product","3":"status-publish","4":"has-post-thumbnail","6":"product_brand-nocci","7":"product_cat-acetato","8":"product_cat-categoria-de-oculos","9":"product_cat-cor","10":"product_cat-lente-policarbonato","11":"product_cat-lentes","12":"product_cat-marrom","13":"product_cat-material","14":"product_cat-oculos-escuros","15":"product_cat-pra_elas","17":"first","18":"instock","19":"shipping-taxable","20":"purchasable","21":"product-type-simple"},"jetpack_sharing_enabled":true,"_links":{"self":[{"href":"https:\/\/noccisunglasses.com.br\/en\/wp-json\/wp\/v2\/product\/33780","targetHints":{"allow":["GET"]}}],"collection":[{"href":"https:\/\/noccisunglasses.com.br\/en\/wp-json\/wp\/v2\/product"}],"about":[{"href":"https:\/\/noccisunglasses.com.br\/en\/wp-json\/wp\/v2\/types\/product"}],"replies":[{"embeddable":true,"href":"https:\/\/noccisunglasses.com.br\/en\/wp-json\/wp\/v2\/comments?post=33780"}],"version-history":[{"count":1,"href":"https:\/\/noccisunglasses.com.br\/en\/wp-json\/wp\/v2\/product\/33780\/revisions"}],"predecessor-version":[{"id":33786,"href":"https:\/\/noccisunglasses.com.br\/en\/wp-json\/wp\/v2\/product\/33780\/revisions\/33786"}],"wp:featuredmedia":[{"embeddable":true,"href":"https:\/\/noccisunglasses.com.br\/en\/wp-json\/wp\/v2\/media\/33787"}],"wp:attachment":[{"href":"https:\/\/noccisunglasses.com.br\/en\/wp-json\/wp\/v2\/media?parent=33780"}],"wp:term":[{"taxonomy":"product_brand","embeddable":true,"href":"https:\/\/noccisunglasses.com.br\/en\/wp-json\/wp\/v2\/product_brand?post=33780"},{"taxonomy":"product_cat","embeddable":true,"href":"https:\/\/noccisunglasses.com.br\/en\/wp-json\/wp\/v2\/product_cat?post=33780"},{"taxonomy":"product_tag","embeddable":true,"href":"https:\/\/noccisunglasses.com.br\/en\/wp-json\/wp\/v2\/product_tag?post=33780"}],"curies":[{"name":"wp","href":"https:\/\/api.w.org\/{rel}","templated":true}]}}