{"id":33774,"date":"2025-11-26T19:03:26","date_gmt":"2025-11-26T19:03:26","guid":{"rendered":"https:\/\/noccisunglasses.com.br\/?post_type=product&#038;p=33774"},"modified":"2026-03-30T17:10:15","modified_gmt":"2026-03-30T17:10:15","slug":"ivy-blue","status":"publish","type":"product","link":"https:\/\/noccisunglasses.com.br\/en\/product\/ivy-blue\/","title":{"rendered":"Ivy Blue"},"content":{"rendered":"<h1 data-start=\"189\" data-end=\"204\"><strong data-start=\"191\" data-end=\"204\">Nocci Ivy<\/strong><\/h1>\n<p data-start=\"206\" data-end=\"502\">O <strong data-start=\"208\" data-end=\"221\">Nocci Ivy<\/strong> \u00e9 um \u00f3culos de sol que expressa a harmonia entre delicadeza, personalidade e eleg\u00e2ncia atemporal. Seu design equilibrado apresenta linhas suaves que envolvem o rosto com leveza, criando um visual naturalmente sofisticado e extremamente vers\u00e1til para diferentes estilos e ocasi\u00f5es.<\/p>\n<p data-start=\"504\" data-end=\"873\">Com lentes premium com prote\u00e7\u00e3o <strong data-start=\"536\" data-end=\"545\">UV400<\/strong>, o Nocci Ivy oferece nitidez, seguran\u00e7a e conforto visual em qualquer ambiente \u2014 revelando o mundo com serenidade, precis\u00e3o e uma sensa\u00e7\u00e3o constante de bem-estar. Inspirada na est\u00e9tica org\u00e2nica da natureza, sua arma\u00e7\u00e3o combina fluidez e modernidade em um design elegante que valoriza o olhar e adiciona autenticidade ao visual.<\/p>\n<p data-start=\"875\" data-end=\"1125\">Ideal para quem busca um \u00f3culos de sol leve, confort\u00e1vel e com presen\u00e7a marcante, o <strong data-start=\"959\" data-end=\"972\">Nocci Ivy<\/strong> une est\u00e9tica refinada, toque minimalista e acabamento premium. Um acess\u00f3rio essencial para quem aprecia estilo, funcionalidade e eleg\u00e2ncia no dia a dia.<\/p>\n<hr data-start=\"1127\" data-end=\"1130\" \/>\n<h2 data-start=\"1132\" data-end=\"1161\"><strong data-start=\"1135\" data-end=\"1161\">Destaques do Nocci Ivy<\/strong><\/h2>\n<ul data-start=\"1162\" data-end=\"1361\">\n<li data-start=\"1162\" data-end=\"1196\">\n<p data-start=\"1164\" data-end=\"1196\">Design suave, leve e atemporal<\/p>\n<\/li>\n<li data-start=\"1197\" data-end=\"1234\">\n<p data-start=\"1199\" data-end=\"1234\">Lentes premium com prote\u00e7\u00e3o UV400<\/p>\n<\/li>\n<li data-start=\"1235\" data-end=\"1279\">\n<p data-start=\"1237\" data-end=\"1279\">Arma\u00e7\u00e3o inspirada na fluidez da natureza<\/p>\n<\/li>\n<li data-start=\"1280\" data-end=\"1326\">\n<p data-start=\"1282\" data-end=\"1326\">Visual sofisticado e naturalmente elegante<\/p>\n<\/li>\n<li data-start=\"1327\" data-end=\"1361\">\n<p data-start=\"1329\" data-end=\"1361\">Conforto ideal para uso di\u00e1rio<\/p>\n<\/li>\n<\/ul>\n<hr data-start=\"1363\" data-end=\"1366\" \/>\n<h2 data-start=\"1368\" data-end=\"1382\"><strong data-start=\"1371\" data-end=\"1382\">Medidas<\/strong><\/h2>\n<ul data-start=\"1383\" data-end=\"1444\">\n<li data-start=\"1383\" data-end=\"1401\">\n<p data-start=\"1385\" data-end=\"1401\"><strong data-start=\"1385\" data-end=\"1393\">Aro:<\/strong> 51 mm<\/p>\n<\/li>\n<li data-start=\"1402\" data-end=\"1422\">\n<p data-start=\"1404\" data-end=\"1422\"><strong data-start=\"1404\" data-end=\"1414\">Ponte:<\/strong> 21 mm<\/p>\n<\/li>\n<li data-start=\"1423\" data-end=\"1444\">\n<p data-start=\"1425\" data-end=\"1444\"><strong data-start=\"1425\" data-end=\"1435\">Haste:<\/strong> 145 mm<\/p>\n<\/li>\n<\/ul>\n<p>&nbsp;<\/p>","protected":false},"excerpt":{"rendered":"<p><span data-sheets-root=\"1\">O Nocci Ivy combina delicadeza e personalidade em um design leve e atemporal. Suas linhas suaves envolvem o rosto com eleg\u00e2ncia natural, enquanto as lentes premium com prote\u00e7\u00e3o UV400 garantem nitidez e conforto visual. Inspirado na fluidez da natureza, o modelo une modernidade e suavidade em um \u00f3culos de sol sofisticado e perfeito para o dia a dia.<\/span><\/p>","protected":false},"featured_media":33775,"comment_status":"open","ping_status":"closed","template":"","meta":[],"product_brand":[83],"product_cat":[76,95,93,85,82,92,91,81,73],"product_tag":[],"class_list":{"0":"post-33774","1":"product","2":"type-product","3":"status-publish","4":"has-post-thumbnail","6":"product_brand-nocci","7":"product_cat-acetato","8":"product_cat-azul","9":"product_cat-categoria-de-oculos","10":"product_cat-cor","11":"product_cat-lente-polarizada","12":"product_cat-lentes","13":"product_cat-material","14":"product_cat-oculos-escuros","15":"product_cat-pra_elas","17":"first","18":"instock","19":"shipping-taxable","20":"purchasable","21":"product-type-simple"},"jetpack_sharing_enabled":true,"_links":{"self":[{"href":"https:\/\/noccisunglasses.com.br\/en\/wp-json\/wp\/v2\/product\/33774","targetHints":{"allow":["GET"]}}],"collection":[{"href":"https:\/\/noccisunglasses.com.br\/en\/wp-json\/wp\/v2\/product"}],"about":[{"href":"https:\/\/noccisunglasses.com.br\/en\/wp-json\/wp\/v2\/types\/product"}],"replies":[{"embeddable":true,"href":"https:\/\/noccisunglasses.com.br\/en\/wp-json\/wp\/v2\/comments?post=33774"}],"version-history":[{"count":1,"href":"https:\/\/noccisunglasses.com.br\/en\/wp-json\/wp\/v2\/product\/33774\/revisions"}],"predecessor-version":[{"id":33779,"href":"https:\/\/noccisunglasses.com.br\/en\/wp-json\/wp\/v2\/product\/33774\/revisions\/33779"}],"wp:featuredmedia":[{"embeddable":true,"href":"https:\/\/noccisunglasses.com.br\/en\/wp-json\/wp\/v2\/media\/33775"}],"wp:attachment":[{"href":"https:\/\/noccisunglasses.com.br\/en\/wp-json\/wp\/v2\/media?parent=33774"}],"wp:term":[{"taxonomy":"product_brand","embeddable":true,"href":"https:\/\/noccisunglasses.com.br\/en\/wp-json\/wp\/v2\/product_brand?post=33774"},{"taxonomy":"product_cat","embeddable":true,"href":"https:\/\/noccisunglasses.com.br\/en\/wp-json\/wp\/v2\/product_cat?post=33774"},{"taxonomy":"product_tag","embeddable":true,"href":"https:\/\/noccisunglasses.com.br\/en\/wp-json\/wp\/v2\/product_tag?post=33774"}],"curies":[{"name":"wp","href":"https:\/\/api.w.org\/{rel}","templated":true}]}}