{"id":33740,"date":"2025-11-26T18:29:28","date_gmt":"2025-11-26T18:29:28","guid":{"rendered":"https:\/\/noccisunglasses.com.br\/?post_type=product&#038;p=33740"},"modified":"2026-03-18T15:25:47","modified_gmt":"2026-03-18T15:25:47","slug":"flame-yellow","status":"publish","type":"product","link":"https:\/\/noccisunglasses.com.br\/en\/product\/flame-yellow\/","title":{"rendered":"Flame Yellow"},"content":{"rendered":"<h1 data-start=\"197\" data-end=\"214\"><strong data-start=\"199\" data-end=\"214\">Nocci Flame<\/strong><\/h1>\n<p data-start=\"216\" data-end=\"507\">O <strong data-start=\"218\" data-end=\"233\">Nocci Flame<\/strong> \u00e9 um \u00f3culos de sol feito para quem carrega intensidade no olhar e presen\u00e7a em cada movimento. Inspirado em personalidades fortes, marcantes e cheias de autenticidade, o modelo re\u00fane linhas firmes, detalhes ousados e um design que transmite atitude desde o primeiro segundo.<\/p>\n<p data-start=\"509\" data-end=\"893\">Sua arma\u00e7\u00e3o robusta e moderna refor\u00e7a a sensa\u00e7\u00e3o de confian\u00e7a, enquanto as lentes premium com prote\u00e7\u00e3o <strong data-start=\"612\" data-end=\"621\">UV400<\/strong> garantem nitidez, conforto visual e seguran\u00e7a em qualquer ambiente. Cada detalhe do Nocci Flame ilumina uma express\u00e3o \u00fanica de energia e estilo, transformando o modelo em muito mais do que um acess\u00f3rio \u2014 ele \u00e9 um s\u00edmbolo de for\u00e7a, individualidade e ousadia contempor\u00e2nea.<\/p>\n<p data-start=\"895\" data-end=\"1066\">Perfeito para quem gosta de se destacar, o <strong data-start=\"938\" data-end=\"953\">Nocci Flame<\/strong> eleva qualquer composi\u00e7\u00e3o com intensidade, personalidade e a est\u00e9tica marcante que define a assinatura da Nocci.<\/p>\n<hr data-start=\"1068\" data-end=\"1071\" \/>\n<h2 data-start=\"1073\" data-end=\"1104\"><strong data-start=\"1076\" data-end=\"1104\">Destaques do Nocci Flame<\/strong><\/h2>\n<ul data-start=\"1105\" data-end=\"1312\">\n<li data-start=\"1105\" data-end=\"1143\">\n<p data-start=\"1107\" data-end=\"1143\">Design marcante e cheio de atitude<\/p>\n<\/li>\n<li data-start=\"1144\" data-end=\"1182\">\n<p data-start=\"1146\" data-end=\"1182\">Arma\u00e7\u00e3o moderna com forte presen\u00e7a<\/p>\n<\/li>\n<li data-start=\"1183\" data-end=\"1220\">\n<p data-start=\"1185\" data-end=\"1220\">Lentes premium com prote\u00e7\u00e3o UV400<\/p>\n<\/li>\n<li data-start=\"1221\" data-end=\"1256\">\n<p data-start=\"1223\" data-end=\"1256\">Est\u00e9tica ousada e contempor\u00e2nea<\/p>\n<\/li>\n<li data-start=\"1257\" data-end=\"1312\">\n<p data-start=\"1259\" data-end=\"1312\">Ideal para quem busca estilo aut\u00eantico e impactante<\/p>\n<\/li>\n<\/ul>\n<hr data-start=\"1314\" data-end=\"1317\" \/>\n<h2 data-start=\"1319\" data-end=\"1333\"><strong data-start=\"1322\" data-end=\"1333\">Medidas<\/strong><\/h2>\n<ul data-start=\"1334\" data-end=\"1395\">\n<li data-start=\"1334\" data-end=\"1352\">\n<p data-start=\"1336\" data-end=\"1352\"><strong data-start=\"1336\" data-end=\"1344\">Aro:<\/strong> 55 mm<\/p>\n<\/li>\n<li data-start=\"1353\" data-end=\"1373\">\n<p data-start=\"1355\" data-end=\"1373\"><strong data-start=\"1355\" data-end=\"1365\">Ponte:<\/strong> 16 mm<\/p>\n<\/li>\n<li data-start=\"1374\" data-end=\"1395\">\n<p data-start=\"1376\" data-end=\"1395\"><strong data-start=\"1376\" data-end=\"1386\">Haste:<\/strong> 145 mm<\/p>\n<\/li>\n<\/ul>\n<p>&nbsp;<\/p>","protected":false},"excerpt":{"rendered":"<p><span data-sheets-root=\"1\">O Nocci Flame traduz intensidade e atitude em um design marcante que destaca personalidades aut\u00eanticas. Com linhas fortes e presen\u00e7a ousada, o modelo combina arma\u00e7\u00e3o robusta e lentes premium com prote\u00e7\u00e3o UV400, garantindo clareza e confian\u00e7a em qualquer momento. Um \u00f3culos de sol criado para quem gosta de se impor com estilo e energia.<\/span><\/p>","protected":false},"featured_media":33743,"comment_status":"open","ping_status":"closed","template":"","meta":[],"product_brand":[83],"product_cat":[76,93,85,92,71,91,81,73,87],"product_tag":[],"class_list":{"0":"post-33740","1":"product","2":"type-product","3":"status-publish","4":"has-post-thumbnail","6":"product_brand-nocci","7":"product_cat-acetato","8":"product_cat-categoria-de-oculos","9":"product_cat-cor","10":"product_cat-lentes","11":"product_cat-lentes_cosmeticas","12":"product_cat-material","13":"product_cat-oculos-escuros","14":"product_cat-pra_elas","15":"product_cat-preto","17":"first","18":"instock","19":"shipping-taxable","20":"purchasable","21":"product-type-simple"},"jetpack_sharing_enabled":true,"_links":{"self":[{"href":"https:\/\/noccisunglasses.com.br\/en\/wp-json\/wp\/v2\/product\/33740","targetHints":{"allow":["GET"]}}],"collection":[{"href":"https:\/\/noccisunglasses.com.br\/en\/wp-json\/wp\/v2\/product"}],"about":[{"href":"https:\/\/noccisunglasses.com.br\/en\/wp-json\/wp\/v2\/types\/product"}],"replies":[{"embeddable":true,"href":"https:\/\/noccisunglasses.com.br\/en\/wp-json\/wp\/v2\/comments?post=33740"}],"version-history":[{"count":1,"href":"https:\/\/noccisunglasses.com.br\/en\/wp-json\/wp\/v2\/product\/33740\/revisions"}],"predecessor-version":[{"id":33749,"href":"https:\/\/noccisunglasses.com.br\/en\/wp-json\/wp\/v2\/product\/33740\/revisions\/33749"}],"wp:featuredmedia":[{"embeddable":true,"href":"https:\/\/noccisunglasses.com.br\/en\/wp-json\/wp\/v2\/media\/33743"}],"wp:attachment":[{"href":"https:\/\/noccisunglasses.com.br\/en\/wp-json\/wp\/v2\/media?parent=33740"}],"wp:term":[{"taxonomy":"product_brand","embeddable":true,"href":"https:\/\/noccisunglasses.com.br\/en\/wp-json\/wp\/v2\/product_brand?post=33740"},{"taxonomy":"product_cat","embeddable":true,"href":"https:\/\/noccisunglasses.com.br\/en\/wp-json\/wp\/v2\/product_cat?post=33740"},{"taxonomy":"product_tag","embeddable":true,"href":"https:\/\/noccisunglasses.com.br\/en\/wp-json\/wp\/v2\/product_tag?post=33740"}],"curies":[{"name":"wp","href":"https:\/\/api.w.org\/{rel}","templated":true}]}}