{"id":33619,"date":"2025-11-25T18:49:00","date_gmt":"2025-11-25T18:49:00","guid":{"rendered":"https:\/\/noccisunglasses.com.br\/?post_type=product&#038;p=33619"},"modified":"2026-03-18T15:25:47","modified_gmt":"2026-03-18T15:25:47","slug":"monaco-moka","status":"publish","type":"product","link":"https:\/\/noccisunglasses.com.br\/en\/product\/monaco-moka\/","title":{"rendered":"M\u00f4naco Moka"},"content":{"rendered":"<h1 data-start=\"140\" data-end=\"157\"><strong data-start=\"142\" data-end=\"157\">M\u00f4naco Moka<\/strong><\/h1>\n<p data-start=\"159\" data-end=\"480\">O <strong data-start=\"161\" data-end=\"182\">Nocci M\u00f4naco Moka<\/strong> \u00e9 um \u00f3culos de sol premium criado para quem busca performance, estilo e eleg\u00e2ncia em um \u00fanico design. Inspirado no lend\u00e1rio circuito de <strong data-start=\"319\" data-end=\"329\">M\u00f4naco<\/strong> \u2014 s\u00edmbolo mundial de luxo, velocidade e excel\u00eancia no automobilismo \u2014 este modelo combina esporte, sofistica\u00e7\u00e3o e lifestyle urbano de forma impec\u00e1vel.<\/p>\n<p data-start=\"482\" data-end=\"793\">Com linhas marcantes, acabamento de alto padr\u00e3o e presen\u00e7a forte, o M\u00f4naco Moka traduz a adrenalina das pistas em um visual moderno, vers\u00e1til e cheio de personalidade. Cada detalhe remete \u00e0 precis\u00e3o dos carros cl\u00e1ssicos, ao glamour das corridas internacionais e ao esp\u00edrito ousado de quem sabe onde quer chegar.<\/p>\n<h3 data-start=\"795\" data-end=\"817\"><strong data-start=\"799\" data-end=\"817\">Perfeito para:<\/strong><\/h3>\n<ul data-start=\"818\" data-end=\"1095\">\n<li data-start=\"818\" data-end=\"904\">\n<p data-start=\"820\" data-end=\"904\">Quem busca um <strong data-start=\"834\" data-end=\"873\">\u00f3culos de sol masculino ou feminino<\/strong> com design esportivo premium<\/p>\n<\/li>\n<li data-start=\"905\" data-end=\"962\">\n<p data-start=\"907\" data-end=\"962\">Amantes de autom\u00f3veis, velocidade e lifestyle de luxo<\/p>\n<\/li>\n<li data-start=\"963\" data-end=\"1024\">\n<p data-start=\"965\" data-end=\"1024\">Looks casuais e urbanos que pedem um acess\u00f3rio de impacto<\/p>\n<\/li>\n<li data-start=\"1025\" data-end=\"1095\">\n<p data-start=\"1027\" data-end=\"1095\">Quem quer unir <strong data-start=\"1042\" data-end=\"1080\">prote\u00e7\u00e3o, conforto e autenticidade<\/strong> no dia a dia<\/p>\n<\/li>\n<\/ul>\n<p data-start=\"1097\" data-end=\"1288\">Al\u00e9m do design exclusivo, o Nocci M\u00f4naco Moka oferece encaixe ergon\u00f4mico, extrema resist\u00eancia e conforto prolongado \u2014 ideal para quem valoriza est\u00e9tica e funcionalidade em um \u00fanico acess\u00f3rio.<\/p>\n<p data-start=\"1290\" data-end=\"1415\">Com o <strong data-start=\"1296\" data-end=\"1317\">Nocci M\u00f4naco Moka<\/strong>, voc\u00ea eleva seu estilo, refor\u00e7a sua presen\u00e7a e transforma cada momento em uma pista rumo ao luxo.<\/p>\n<hr data-start=\"1417\" data-end=\"1420\" \/>\n<h2 data-start=\"1422\" data-end=\"1447\"><\/h2>\n<h2 data-start=\"1422\" data-end=\"1447\"><strong data-start=\"1425\" data-end=\"1447\">Medidas do Produto<\/strong><\/h2>\n<ul data-start=\"1448\" data-end=\"1509\">\n<li data-start=\"1448\" data-end=\"1467\">\n<p data-start=\"1450\" data-end=\"1467\"><strong data-start=\"1450\" data-end=\"1458\">Aro:<\/strong> 139 mm<\/p>\n<\/li>\n<li data-start=\"1468\" data-end=\"1487\">\n<p data-start=\"1470\" data-end=\"1487\"><strong data-start=\"1470\" data-end=\"1480\">Ponte:<\/strong> 0 mm<\/p>\n<\/li>\n<li data-start=\"1488\" data-end=\"1509\">\n<p data-start=\"1490\" data-end=\"1509\"><strong data-start=\"1490\" data-end=\"1500\">Haste:<\/strong> 140 mm<\/p>\n<\/li>\n<\/ul>","protected":false},"excerpt":{"rendered":"<p>O Nocci M\u00f4naco \u00e9 o \u00f3culos de sol que transforma qualquer look em atitude. Inspirado nas pistas de M\u00f4naco, une velocidade, luxo e personalidade em um \u00fanico design. Use e sinta a diferen\u00e7a de quem veste poder.<\/p>","protected":false},"featured_media":33587,"comment_status":"open","ping_status":"closed","template":"","meta":[],"product_brand":[],"product_cat":[93,85,82,92,88,91,81,73,72,74,75],"product_tag":[],"class_list":{"0":"post-33619","1":"product","2":"type-product","3":"status-publish","4":"has-post-thumbnail","6":"product_cat-categoria-de-oculos","7":"product_cat-cor","8":"product_cat-lente-polarizada","9":"product_cat-lentes","10":"product_cat-marrom","11":"product_cat-material","12":"product_cat-oculos-escuros","13":"product_cat-pra_elas","14":"product_cat-pra_eles","15":"product_cat-pra_todos","16":"product_cat-tr90","18":"first","19":"instock","20":"shipping-taxable","21":"purchasable","22":"product-type-simple"},"jetpack_sharing_enabled":true,"_links":{"self":[{"href":"https:\/\/noccisunglasses.com.br\/en\/wp-json\/wp\/v2\/product\/33619","targetHints":{"allow":["GET"]}}],"collection":[{"href":"https:\/\/noccisunglasses.com.br\/en\/wp-json\/wp\/v2\/product"}],"about":[{"href":"https:\/\/noccisunglasses.com.br\/en\/wp-json\/wp\/v2\/types\/product"}],"replies":[{"embeddable":true,"href":"https:\/\/noccisunglasses.com.br\/en\/wp-json\/wp\/v2\/comments?post=33619"}],"version-history":[{"count":5,"href":"https:\/\/noccisunglasses.com.br\/en\/wp-json\/wp\/v2\/product\/33619\/revisions"}],"predecessor-version":[{"id":33633,"href":"https:\/\/noccisunglasses.com.br\/en\/wp-json\/wp\/v2\/product\/33619\/revisions\/33633"}],"wp:featuredmedia":[{"embeddable":true,"href":"https:\/\/noccisunglasses.com.br\/en\/wp-json\/wp\/v2\/media\/33587"}],"wp:attachment":[{"href":"https:\/\/noccisunglasses.com.br\/en\/wp-json\/wp\/v2\/media?parent=33619"}],"wp:term":[{"taxonomy":"product_brand","embeddable":true,"href":"https:\/\/noccisunglasses.com.br\/en\/wp-json\/wp\/v2\/product_brand?post=33619"},{"taxonomy":"product_cat","embeddable":true,"href":"https:\/\/noccisunglasses.com.br\/en\/wp-json\/wp\/v2\/product_cat?post=33619"},{"taxonomy":"product_tag","embeddable":true,"href":"https:\/\/noccisunglasses.com.br\/en\/wp-json\/wp\/v2\/product_tag?post=33619"}],"curies":[{"name":"wp","href":"https:\/\/api.w.org\/{rel}","templated":true}]}}