{"id":33570,"date":"2025-11-24T19:33:18","date_gmt":"2025-11-24T19:33:18","guid":{"rendered":"https:\/\/noccisunglasses.com.br\/?post_type=product&#038;p=33570"},"modified":"2026-03-18T15:25:47","modified_gmt":"2026-03-18T15:25:47","slug":"monaco","status":"publish","type":"product","link":"https:\/\/noccisunglasses.com.br\/en\/product\/monaco\/","title":{"rendered":"M\u00f4naco Black"},"content":{"rendered":"<h1 data-start=\"227\" data-end=\"271\"><strong data-start=\"229\" data-end=\"271\">Nocci M\u00f4naco<\/strong><\/h1>\n<p data-start=\"273\" data-end=\"571\">O <strong data-start=\"275\" data-end=\"291\">Nocci M\u00f4naco<\/strong> \u00e9 um \u00f3culos de sol premium que combina performance, estilo e eleg\u00e2ncia em um design marcante. Inspirado no lend\u00e1rio circuito de M\u00f4naco \u2014 refer\u00eancia mundial em luxo, velocidade e automobilismo \u2014 este modelo traz a uni\u00e3o perfeita entre <strong data-start=\"526\" data-end=\"570\">esporte, sofistica\u00e7\u00e3o e lifestyle urbano<\/strong>.<\/p>\n<p data-start=\"573\" data-end=\"886\">Com linhas modernas e acabamento de alto padr\u00e3o, o Nocci M\u00f4naco traduz a <strong data-start=\"646\" data-end=\"671\">adrenalina das pistas<\/strong> em um visual contempor\u00e2neo, ideal para quem busca um acess\u00f3rio com forte presen\u00e7a, conforto e personalidade. Cada detalhe remete \u00e0 precis\u00e3o dos carros cl\u00e1ssicos e \u00e0 atmosfera glamourosa das corridas internacionais.<\/p>\n<p data-start=\"888\" data-end=\"966\">O resultado \u00e9 um \u00f3culos de sol vers\u00e1til, resistente e estiloso, perfeito para:<\/p>\n<ul data-start=\"968\" data-end=\"1159\">\n<li data-start=\"968\" data-end=\"1049\">\n<p data-start=\"970\" data-end=\"1049\">Quem deseja <strong data-start=\"982\" data-end=\"1047\">\u00f3culos de sol masculino\/feminino com design esportivo premium<\/strong><\/p>\n<\/li>\n<li data-start=\"1050\" data-end=\"1098\">\n<p data-start=\"1052\" data-end=\"1098\">Amantes de automobilismo e lifestyle de luxo<\/p>\n<\/li>\n<li data-start=\"1099\" data-end=\"1126\">\n<p data-start=\"1101\" data-end=\"1126\">Looks casuais e urbanos<\/p>\n<\/li>\n<li data-start=\"1127\" data-end=\"1159\">\n<p data-start=\"1129\" data-end=\"1159\">Prote\u00e7\u00e3o e estilo no dia a dia<\/p>\n<\/li>\n<\/ul>\n<p data-start=\"1161\" data-end=\"1332\">Al\u00e9m do design exclusivo, o Nocci M\u00f4naco oferece excelente ergonomia e encaixe confort\u00e1vel, sendo ideal para quem valoriza est\u00e9tica e funcionalidade em um \u00fanico acess\u00f3rio.<\/p>\n<p data-start=\"1334\" data-end=\"1460\">Com o Nocci M\u00f4naco, voc\u00ea eleva seu estilo, refor\u00e7a sua personalidade e transforma qualquer ambiente em uma pista rumo ao luxo.<\/p>\n<hr data-start=\"1462\" data-end=\"1465\" \/>\n<h2 data-start=\"1467\" data-end=\"1492\"><\/h2>\n<h2 data-start=\"1467\" data-end=\"1492\"><strong data-start=\"1470\" data-end=\"1492\">Medidas do Produto<\/strong><\/h2>\n<ul data-start=\"1493\" data-end=\"1554\">\n<li data-start=\"1493\" data-end=\"1512\">\n<p data-start=\"1495\" data-end=\"1512\"><strong data-start=\"1495\" data-end=\"1503\">Aro:<\/strong> 139 mm<\/p>\n<\/li>\n<li data-start=\"1513\" data-end=\"1532\">\n<p data-start=\"1515\" data-end=\"1532\"><strong data-start=\"1515\" data-end=\"1525\">Ponte:<\/strong> 0 mm<\/p>\n<\/li>\n<li data-start=\"1533\" data-end=\"1554\">\n<p data-start=\"1535\" data-end=\"1554\"><strong data-start=\"1535\" data-end=\"1545\">Haste:<\/strong> 140 mm<\/p>\n<\/li>\n<\/ul>","protected":false},"excerpt":{"rendered":"<p>O Nocci M\u00f4naco \u00e9 o \u00f3culos de sol que transforma qualquer look em atitude. Inspirado nas pistas de M\u00f4naco, une velocidade, luxo e personalidade em um \u00fanico design. Use e sinta a diferen\u00e7a de quem veste poder.<\/p>","protected":false},"featured_media":33581,"comment_status":"open","ping_status":"closed","template":"","meta":[],"product_brand":[83],"product_cat":[93,85,82,92,91,81,73,72,74,87,75],"product_tag":[],"class_list":{"0":"post-33570","1":"product","2":"type-product","3":"status-publish","4":"has-post-thumbnail","6":"product_brand-nocci","7":"product_cat-categoria-de-oculos","8":"product_cat-cor","9":"product_cat-lente-polarizada","10":"product_cat-lentes","11":"product_cat-material","12":"product_cat-oculos-escuros","13":"product_cat-pra_elas","14":"product_cat-pra_eles","15":"product_cat-pra_todos","16":"product_cat-preto","17":"product_cat-tr90","19":"first","20":"instock","21":"shipping-taxable","22":"purchasable","23":"product-type-simple"},"jetpack_sharing_enabled":true,"_links":{"self":[{"href":"https:\/\/noccisunglasses.com.br\/en\/wp-json\/wp\/v2\/product\/33570","targetHints":{"allow":["GET"]}}],"collection":[{"href":"https:\/\/noccisunglasses.com.br\/en\/wp-json\/wp\/v2\/product"}],"about":[{"href":"https:\/\/noccisunglasses.com.br\/en\/wp-json\/wp\/v2\/types\/product"}],"replies":[{"embeddable":true,"href":"https:\/\/noccisunglasses.com.br\/en\/wp-json\/wp\/v2\/comments?post=33570"}],"version-history":[{"count":13,"href":"https:\/\/noccisunglasses.com.br\/en\/wp-json\/wp\/v2\/product\/33570\/revisions"}],"predecessor-version":[{"id":33632,"href":"https:\/\/noccisunglasses.com.br\/en\/wp-json\/wp\/v2\/product\/33570\/revisions\/33632"}],"wp:featuredmedia":[{"embeddable":true,"href":"https:\/\/noccisunglasses.com.br\/en\/wp-json\/wp\/v2\/media\/33581"}],"wp:attachment":[{"href":"https:\/\/noccisunglasses.com.br\/en\/wp-json\/wp\/v2\/media?parent=33570"}],"wp:term":[{"taxonomy":"product_brand","embeddable":true,"href":"https:\/\/noccisunglasses.com.br\/en\/wp-json\/wp\/v2\/product_brand?post=33570"},{"taxonomy":"product_cat","embeddable":true,"href":"https:\/\/noccisunglasses.com.br\/en\/wp-json\/wp\/v2\/product_cat?post=33570"},{"taxonomy":"product_tag","embeddable":true,"href":"https:\/\/noccisunglasses.com.br\/en\/wp-json\/wp\/v2\/product_tag?post=33570"}],"curies":[{"name":"wp","href":"https:\/\/api.w.org\/{rel}","templated":true}]}}