{"id":33970,"date":"2025-12-05T20:32:49","date_gmt":"2025-12-05T20:32:49","guid":{"rendered":"https:\/\/noccisunglasses.com.br\/?page_id=33970"},"modified":"2026-04-22T17:46:51","modified_gmt":"2026-04-22T17:46:51","slug":"cart","status":"publish","type":"page","link":"https:\/\/noccisunglasses.com.br\/en\/cart\/","title":{"rendered":"Carrinho"},"content":{"rendered":"<div data-elementor-type=\"wp-page\" data-elementor-id=\"33970\" class=\"elementor elementor-33970\" data-elementor-post-type=\"page\">\n\t\t\t\t<div class=\"elementor-element elementor-element-4be8e726 e-con-full e-flex wpr-particle-no wpr-jarallax-no wpr-parallax-no wpr-sticky-section-no wpr-equal-height-no e-con e-parent\" data-id=\"4be8e726\" data-element_type=\"container\" data-e-type=\"container\">\n\t\t\t\t<div class=\"elementor-element elementor-element-1d3d76e elementor-widget__width-inherit elementor-widget elementor-widget-eael-woo-cart\" data-id=\"1d3d76e\" data-element_type=\"widget\" data-e-type=\"widget\" data-settings=\"{&quot;eael_woo_cart_components_continue_shopping_icon&quot;:{&quot;value&quot;:&quot;fas fa-chevron-left&quot;,&quot;library&quot;:&quot;fa-solid&quot;}}\" data-widget_type=\"eael-woo-cart.default\">\n\t\t\t\t\t\t\t\t\t<div class=\"eael-woo-cart-wrapper eael-woo-cart-empty eael-woo-default eael-auto-update33\">\n\t\t\t\t<div class=\"woocommerce-notices-wrapper\"><\/div><div class=\"wc-empty-cart-message\">\n\t<div class=\"cart-empty woocommerce-info\">\n\t\tSeu carrinho est\u00e1 vazio no momento.\t<\/div>\n<\/div>\t<p class=\"return-to-shop\">\n\t\t<a class=\"button wc-backward\" href=\"https:\/\/noccisunglasses.com.br\/en\/loja\/\">\n\t\t\tReturn to shop\t\t<\/a>\n\t<\/p>\n                <\/div>\n\t\t\t\t        <script>document.body.classList.add(\"eael-woo-cart\");<\/script>\n\t\t\t\t\t\t<\/div>\n\t\t\t\t<\/div>\n\t\t\t\t<\/div>","protected":false},"excerpt":{"rendered":"<p>Produto Pre\u00e7o Quantidade Total Bella Black &#82;&#36;&nbsp;399,00 &#82;&#36;&nbsp;798,00 Cupom: Aplicar cupom Continuar comprando Subtotal &#82;&#36;&nbsp;798,00 Shipment Frete gr\u00e1tis (Entrega em 5 a 15 dias \u00fateis) Correios Pac (5 a 6 dias \u00fateis): &#82;&#36;&nbsp;28,33 Correios Sedex (1 a 2 dias \u00fateis): &#82;&#36;&nbsp;31,35 Entrega para Rua Brasilina Moreira dos Santos, Taubat\u00e9, S\u00e3o Paulo, 12081400. Mudar endere\u00e7o C\u00f3digo postal \/ CEP: Atualizar Total &#82;&#36;&nbsp;798,00 Finalizar compra<\/p>","protected":false},"author":1,"featured_media":0,"parent":0,"menu_order":0,"comment_status":"closed","ping_status":"closed","template":"","meta":{"footnotes":""},"class_list":["post-33970","page","type-page","status-publish","hentry"],"jetpack_sharing_enabled":true,"_links":{"self":[{"href":"https:\/\/noccisunglasses.com.br\/en\/wp-json\/wp\/v2\/pages\/33970","targetHints":{"allow":["GET"]}}],"collection":[{"href":"https:\/\/noccisunglasses.com.br\/en\/wp-json\/wp\/v2\/pages"}],"about":[{"href":"https:\/\/noccisunglasses.com.br\/en\/wp-json\/wp\/v2\/types\/page"}],"author":[{"embeddable":true,"href":"https:\/\/noccisunglasses.com.br\/en\/wp-json\/wp\/v2\/users\/1"}],"replies":[{"embeddable":true,"href":"https:\/\/noccisunglasses.com.br\/en\/wp-json\/wp\/v2\/comments?post=33970"}],"version-history":[{"count":65,"href":"https:\/\/noccisunglasses.com.br\/en\/wp-json\/wp\/v2\/pages\/33970\/revisions"}],"predecessor-version":[{"id":34540,"href":"https:\/\/noccisunglasses.com.br\/en\/wp-json\/wp\/v2\/pages\/33970\/revisions\/34540"}],"wp:attachment":[{"href":"https:\/\/noccisunglasses.com.br\/en\/wp-json\/wp\/v2\/media?parent=33970"}],"curies":[{"name":"wp","href":"https:\/\/api.w.org\/{rel}","templated":true}]}}